{"id":15147,"date":"2020-09-22T07:39:42","date_gmt":"2020-09-22T07:39:42","guid":{"rendered":"https:\/\/www.zaragoza.unam.mx\/bienvenida2021\/?page_id=15147"},"modified":"2025-06-26T18:28:56","modified_gmt":"2025-06-26T18:28:56","slug":"apreciacion","status":"publish","type":"page","link":"https:\/\/www.zaragoza.unam.mx\/bienvenida-primer-ingreso\/actividades-culturales\/talleres\/apreciacion\/","title":{"rendered":"Apreciaci\u00f3n musical"},"content":{"rendered":"\t\t<div data-elementor-type=\"wp-page\" data-elementor-id=\"15147\" class=\"elementor elementor-15147\">\n\t\t\t\t\t\t<section class=\"elementor-section elementor-top-section elementor-element elementor-element-84dd5ee elementor-section-boxed elementor-section-height-default elementor-section-height-default\" data-id=\"84dd5ee\" data-element_type=\"section\">\n\t\t\t\t\t\t<div class=\"elementor-container elementor-column-gap-default\">\n\t\t\t\t\t\t<\/div>\n\t\t<\/section>\n\t\t\t\t<section class=\"elementor-section elementor-top-section elementor-element elementor-element-7756f32 elementor-section-full_width elementor-section-stretched elementor-section-height-default elementor-section-height-default\" data-id=\"7756f32\" data-element_type=\"section\" data-settings=\"{&quot;stretch_section&quot;:&quot;section-stretched&quot;}\">\n\t\t\t\t\t\t\t<div class=\"elementor-background-overlay\"><\/div>\n\t\t\t\t\t\t\t<div class=\"elementor-container elementor-column-gap-no\">\n\t\t\t\t\t<div class=\"elementor-column elementor-col-100 elementor-top-column elementor-element elementor-element-03fe044\" data-id=\"03fe044\" data-element_type=\"column\">\n\t\t\t<div class=\"elementor-widget-wrap elementor-element-populated\">\n\t\t\t\t\t\t<div class=\"elementor-element elementor-element-23287ab elementor-widget elementor-widget-image\" data-id=\"23287ab\" data-element_type=\"widget\" data-settings=\"{&quot;_animation&quot;:&quot;none&quot;}\" data-widget_type=\"image.default\">\n\t\t\t\t<div class=\"elementor-widget-container\">\n\t\t\t\t\t\t\t\t\t\t\t\t\t\t\t<img fetchpriority=\"high\" decoding=\"async\" width=\"1010\" height=\"230\" src=\"https:\/\/www.zaragoza.unam.mx\/bienvenida-primer-ingreso\/wp-content\/uploads\/2025\/05\/header_estudiantiles_CULTURALES_2026.png\" class=\"attachment-full size-full wp-image-27108\" alt=\"\" srcset=\"https:\/\/www.zaragoza.unam.mx\/bienvenida-primer-ingreso\/wp-content\/uploads\/2025\/05\/header_estudiantiles_CULTURALES_2026.png 1010w, https:\/\/www.zaragoza.unam.mx\/bienvenida-primer-ingreso\/wp-content\/uploads\/2025\/05\/header_estudiantiles_CULTURALES_2026-300x68.png 300w, https:\/\/www.zaragoza.unam.mx\/bienvenida-primer-ingreso\/wp-content\/uploads\/2025\/05\/header_estudiantiles_CULTURALES_2026-768x175.png 768w\" sizes=\"(max-width: 1010px) 100vw, 1010px\" \/>\t\t\t\t\t\t\t\t\t\t\t\t\t\t\t<\/div>\n\t\t\t\t<\/div>\n\t\t\t\t\t<\/div>\n\t\t<\/div>\n\t\t\t\t\t<\/div>\n\t\t<\/section>\n\t\t\t\t<section class=\"elementor-section elementor-top-section elementor-element elementor-element-a0a507f elementor-section-boxed elementor-section-height-default elementor-section-height-default\" data-id=\"a0a507f\" data-element_type=\"section\">\n\t\t\t\t\t\t<div class=\"elementor-container elementor-column-gap-default\">\n\t\t\t\t\t<div class=\"elementor-column elementor-col-100 elementor-top-column elementor-element elementor-element-2f3540e\" data-id=\"2f3540e\" data-element_type=\"column\">\n\t\t\t<div class=\"elementor-widget-wrap elementor-element-populated\">\n\t\t\t\t\t\t<div class=\"elementor-element elementor-element-dae4f24 elementor-widget elementor-widget-spacer\" data-id=\"dae4f24\" data-element_type=\"widget\" data-widget_type=\"spacer.default\">\n\t\t\t\t<div class=\"elementor-widget-container\">\n\t\t\t\t\t\t\t<div class=\"elementor-spacer\">\n\t\t\t<div class=\"elementor-spacer-inner\"><\/div>\n\t\t<\/div>\n\t\t\t\t\t\t<\/div>\n\t\t\t\t<\/div>\n\t\t\t\t\t<\/div>\n\t\t<\/div>\n\t\t\t\t\t<\/div>\n\t\t<\/section>\n\t\t\t\t<section class=\"elementor-section elementor-top-section elementor-element elementor-element-8e731b3 elementor-section-boxed elementor-section-height-default elementor-section-height-default\" data-id=\"8e731b3\" data-element_type=\"section\">\n\t\t\t\t\t\t<div class=\"elementor-container elementor-column-gap-default\">\n\t\t\t\t\t<div class=\"elementor-column elementor-col-50 elementor-top-column elementor-element elementor-element-c8ed2ba\" data-id=\"c8ed2ba\" data-element_type=\"column\">\n\t\t\t<div class=\"elementor-widget-wrap elementor-element-populated\">\n\t\t\t\t\t\t<div class=\"elementor-element elementor-element-1dde59a elementor-widget elementor-widget-heading\" data-id=\"1dde59a\" data-element_type=\"widget\" data-settings=\"{&quot;_animation&quot;:&quot;none&quot;}\" data-widget_type=\"heading.default\">\n\t\t\t\t<div class=\"elementor-widget-container\">\n\t\t\t\t\t<h2 class=\"elementor-heading-title elementor-size-default\">APRECIACI\u00d3N MUSICAL<\/h2>\t\t\t\t<\/div>\n\t\t\t\t<\/div>\n\t\t\t\t\t<\/div>\n\t\t<\/div>\n\t\t\t\t<div class=\"elementor-column elementor-col-50 elementor-top-column elementor-element elementor-element-ad69268\" data-id=\"ad69268\" data-element_type=\"column\">\n\t\t\t<div class=\"elementor-widget-wrap elementor-element-populated\">\n\t\t\t\t\t\t<div class=\"elementor-element elementor-element-c74f62c elementor-widget elementor-widget-spacer\" data-id=\"c74f62c\" data-element_type=\"widget\" data-widget_type=\"spacer.default\">\n\t\t\t\t<div class=\"elementor-widget-container\">\n\t\t\t\t\t\t\t<div class=\"elementor-spacer\">\n\t\t\t<div class=\"elementor-spacer-inner\"><\/div>\n\t\t<\/div>\n\t\t\t\t\t\t<\/div>\n\t\t\t\t<\/div>\n\t\t\t\t\t<\/div>\n\t\t<\/div>\n\t\t\t\t\t<\/div>\n\t\t<\/section>\n\t\t\t\t<section class=\"elementor-section elementor-top-section elementor-element elementor-element-78fee0b elementor-section-boxed elementor-section-height-default elementor-section-height-default\" data-id=\"78fee0b\" data-element_type=\"section\">\n\t\t\t\t\t\t<div class=\"elementor-container elementor-column-gap-default\">\n\t\t\t\t\t<div class=\"elementor-column elementor-col-100 elementor-top-column elementor-element elementor-element-7786a0d\" data-id=\"7786a0d\" data-element_type=\"column\">\n\t\t\t<div class=\"elementor-widget-wrap elementor-element-populated\">\n\t\t\t\t\t\t<div class=\"elementor-element elementor-element-9350148 elementor-widget elementor-widget-spacer\" data-id=\"9350148\" data-element_type=\"widget\" data-widget_type=\"spacer.default\">\n\t\t\t\t<div class=\"elementor-widget-container\">\n\t\t\t\t\t\t\t<div class=\"elementor-spacer\">\n\t\t\t<div class=\"elementor-spacer-inner\"><\/div>\n\t\t<\/div>\n\t\t\t\t\t\t<\/div>\n\t\t\t\t<\/div>\n\t\t\t\t\t<\/div>\n\t\t<\/div>\n\t\t\t\t\t<\/div>\n\t\t<\/section>\n\t\t\t\t<section class=\"elementor-section elementor-top-section elementor-element elementor-element-24d1c33 elementor-section-boxed elementor-section-height-default elementor-section-height-default\" data-id=\"24d1c33\" data-element_type=\"section\">\n\t\t\t\t\t\t<div class=\"elementor-container elementor-column-gap-default\">\n\t\t\t\t\t<div class=\"elementor-column elementor-col-100 elementor-top-column elementor-element elementor-element-b3e37ea\" data-id=\"b3e37ea\" data-element_type=\"column\">\n\t\t\t<div class=\"elementor-widget-wrap elementor-element-populated\">\n\t\t\t\t\t\t<section class=\"elementor-section elementor-inner-section elementor-element elementor-element-a0843cd elementor-section-boxed elementor-section-height-default elementor-section-height-default\" data-id=\"a0843cd\" data-element_type=\"section\">\n\t\t\t\t\t\t<div class=\"elementor-container elementor-column-gap-default\">\n\t\t\t\t\t<div class=\"elementor-column elementor-col-50 elementor-inner-column elementor-element elementor-element-423c3ac\" data-id=\"423c3ac\" data-element_type=\"column\">\n\t\t\t<div class=\"elementor-widget-wrap elementor-element-populated\">\n\t\t\t\t\t\t<div class=\"elementor-element elementor-element-3e97791 elementor-widget elementor-widget-video\" data-id=\"3e97791\" data-element_type=\"widget\" data-settings=\"{&quot;youtube_url&quot;:&quot;https:\\\/\\\/youtu.be\\\/4JhMIO610wI&quot;,&quot;video_type&quot;:&quot;youtube&quot;,&quot;controls&quot;:&quot;yes&quot;}\" data-widget_type=\"video.default\">\n\t\t\t\t<div class=\"elementor-widget-container\">\n\t\t\t\t\t\t\t<div class=\"elementor-wrapper elementor-open-inline\">\n\t\t\t<div class=\"elementor-video\"><\/div>\t\t<\/div>\n\t\t\t\t\t\t<\/div>\n\t\t\t\t<\/div>\n\t\t\t\t\t<\/div>\n\t\t<\/div>\n\t\t\t\t<div class=\"elementor-column elementor-col-50 elementor-inner-column elementor-element elementor-element-9331dfa\" data-id=\"9331dfa\" data-element_type=\"column\">\n\t\t\t<div class=\"elementor-widget-wrap elementor-element-populated\">\n\t\t\t\t\t\t<div class=\"elementor-element elementor-element-7aa8f63 elementor-widget elementor-widget-text-editor\" data-id=\"7aa8f63\" data-element_type=\"widget\" data-widget_type=\"text-editor.default\">\n\t\t\t\t<div class=\"elementor-widget-container\">\n\t\t\t\t\t\t\t\t\t<p><span style=\"color: #666666;\">Que el alumnado conozca y comprenda la historia de la m\u00fasica, cualidades del sonido, melod\u00eda, lectura de notas y los principios sint\u00e1cticos elementales de la m\u00fasica.<\/span><\/p>\t\t\t\t\t\t\t\t<\/div>\n\t\t\t\t<\/div>\n\t\t\t\t<div class=\"elementor-element elementor-element-51f27a7 elementor-widget elementor-widget-text-editor\" data-id=\"51f27a7\" data-element_type=\"widget\" data-widget_type=\"text-editor.default\">\n\t\t\t\t<div class=\"elementor-widget-container\">\n\t\t\t\t\t\t\t\t\t<p dir=\"ltr\"><span style=\"color: #666666;\"><strong><span style=\"color: #314257;\">Profesor: Juan Carlos Zamora Contreras<\/span><br \/><\/strong><\/span><span style=\"color: #666666;\"><span style=\"color: #314257;\"><strong>Horarios: <\/strong><\/span>Jueves y viernes de 09:00 a 16:30<\/span><\/p>\t\t\t\t\t\t\t\t<\/div>\n\t\t\t\t<\/div>\n\t\t\t\t<div class=\"elementor-element elementor-element-420bc22 elementor-widget elementor-widget-text-editor\" data-id=\"420bc22\" data-element_type=\"widget\" data-widget_type=\"text-editor.default\">\n\t\t\t\t<div class=\"elementor-widget-container\">\n\t\t\t\t\t\t\t\t\t<p class=\"zfr3Q\" dir=\"ltr\"><span style=\"color: #666666;\"><strong><span style=\"color: #314257;\">Profesor: Gerardo Ortega Quezada<\/span><br \/><\/strong><\/span><span style=\"color: #666666;\"><span style=\"color: #314257;\"><strong>Horarios: <\/strong><\/span>Jueves de 9:00 a 13:00. De 13:00 a 15:00. De 15:00 a 17:00 y de 17:00 a 19:00<\/span><\/p>\t\t\t\t\t\t\t\t<\/div>\n\t\t\t\t<\/div>\n\t\t\t\t\t<\/div>\n\t\t<\/div>\n\t\t\t\t\t<\/div>\n\t\t<\/section>\n\t\t\t\t\t<\/div>\n\t\t<\/div>\n\t\t\t\t\t<\/div>\n\t\t<\/section>\n\t\t\t\t<section class=\"elementor-section elementor-top-section elementor-element elementor-element-ad82f60 elementor-section-boxed elementor-section-height-default elementor-section-height-default\" data-id=\"ad82f60\" data-element_type=\"section\">\n\t\t\t\t\t\t<div class=\"elementor-container elementor-column-gap-default\">\n\t\t\t\t\t<div class=\"elementor-column elementor-col-100 elementor-top-column elementor-element elementor-element-44af999\" data-id=\"44af999\" data-element_type=\"column\">\n\t\t\t<div class=\"elementor-widget-wrap elementor-element-populated\">\n\t\t\t\t\t\t<div class=\"elementor-element elementor-element-95c292b elementor-widget elementor-widget-spacer\" data-id=\"95c292b\" data-element_type=\"widget\" data-widget_type=\"spacer.default\">\n\t\t\t\t<div class=\"elementor-widget-container\">\n\t\t\t\t\t\t\t<div class=\"elementor-spacer\">\n\t\t\t<div class=\"elementor-spacer-inner\"><\/div>\n\t\t<\/div>\n\t\t\t\t\t\t<\/div>\n\t\t\t\t<\/div>\n\t\t\t\t\t<\/div>\n\t\t<\/div>\n\t\t\t\t\t<\/div>\n\t\t<\/section>\n\t\t\t\t<\/div>\n\t\t","protected":false},"excerpt":{"rendered":"<p>APRECIACI\u00d3N MUSICAL https:\/\/youtu.be\/4JhMIO610wI Que el alumnado conozca y comprenda la&hellip;<\/p>\n<p> <a class=\"more-link\" href=\"https:\/\/www.zaragoza.unam.mx\/bienvenida-primer-ingreso\/actividades-culturales\/talleres\/apreciacion\/\">Leer m\u00e1s<\/a><\/p>\n","protected":false},"author":1,"featured_media":0,"parent":15125,"menu_order":0,"comment_status":"closed","ping_status":"closed","template":"elementor_header_footer","meta":{"footnotes":""},"class_list":["post-15147","page","type-page","status-publish"],"_links":{"self":[{"href":"https:\/\/www.zaragoza.unam.mx\/bienvenida-primer-ingreso\/wp-json\/wp\/v2\/pages\/15147","targetHints":{"allow":["GET"]}}],"collection":[{"href":"https:\/\/www.zaragoza.unam.mx\/bienvenida-primer-ingreso\/wp-json\/wp\/v2\/pages"}],"about":[{"href":"https:\/\/www.zaragoza.unam.mx\/bienvenida-primer-ingreso\/wp-json\/wp\/v2\/types\/page"}],"author":[{"embeddable":true,"href":"https:\/\/www.zaragoza.unam.mx\/bienvenida-primer-ingreso\/wp-json\/wp\/v2\/users\/1"}],"replies":[{"embeddable":true,"href":"https:\/\/www.zaragoza.unam.mx\/bienvenida-primer-ingreso\/wp-json\/wp\/v2\/comments?post=15147"}],"version-history":[{"count":44,"href":"https:\/\/www.zaragoza.unam.mx\/bienvenida-primer-ingreso\/wp-json\/wp\/v2\/pages\/15147\/revisions"}],"predecessor-version":[{"id":28022,"href":"https:\/\/www.zaragoza.unam.mx\/bienvenida-primer-ingreso\/wp-json\/wp\/v2\/pages\/15147\/revisions\/28022"}],"up":[{"embeddable":true,"href":"https:\/\/www.zaragoza.unam.mx\/bienvenida-primer-ingreso\/wp-json\/wp\/v2\/pages\/15125"}],"wp:attachment":[{"href":"https:\/\/www.zaragoza.unam.mx\/bienvenida-primer-ingreso\/wp-json\/wp\/v2\/media?parent=15147"}],"curies":[{"name":"wp","href":"https:\/\/api.w.org\/{rel}","templated":true}]}}