{"id":17033,"date":"2021-07-08T19:42:49","date_gmt":"2021-07-08T19:42:49","guid":{"rendered":"https:\/\/www.zaragoza.unam.mx\/bienvenida-primer-ingreso\/?page_id=17033"},"modified":"2025-07-30T15:29:32","modified_gmt":"2025-07-30T15:29:32","slug":"ceremonia-bienvenida-enfermeria","status":"publish","type":"page","link":"https:\/\/www.zaragoza.unam.mx\/bienvenida-primer-ingreso\/programa-jornada-bienvenida\/ceremonia-bienvenida-enfermeria\/","title":{"rendered":"Ceremonia Bienvenida Enfermer\u00eda"},"content":{"rendered":"\t\t<div data-elementor-type=\"wp-page\" data-elementor-id=\"17033\" class=\"elementor elementor-17033\">\n\t\t\t\t\t\t<section class=\"elementor-section elementor-top-section elementor-element elementor-element-902109f elementor-section-boxed elementor-section-height-default elementor-section-height-default\" data-id=\"902109f\" data-element_type=\"section\">\n\t\t\t\t\t\t<div class=\"elementor-container elementor-column-gap-default\">\n\t\t\t\t\t<div class=\"elementor-column elementor-col-100 elementor-top-column elementor-element elementor-element-36dbffe\" data-id=\"36dbffe\" data-element_type=\"column\">\n\t\t\t<div class=\"elementor-widget-wrap\">\n\t\t\t\t\t\t\t<\/div>\n\t\t<\/div>\n\t\t\t\t\t<\/div>\n\t\t<\/section>\n\t\t\t\t<section class=\"elementor-section elementor-top-section elementor-element elementor-element-a005387 elementor-section-full_width elementor-section-stretched elementor-section-height-default elementor-section-height-default\" data-id=\"a005387\" data-element_type=\"section\" data-settings=\"{&quot;stretch_section&quot;:&quot;section-stretched&quot;}\">\n\t\t\t\t\t\t\t<div class=\"elementor-background-overlay\"><\/div>\n\t\t\t\t\t\t\t<div class=\"elementor-container elementor-column-gap-no\">\n\t\t\t\t\t<div class=\"elementor-column elementor-col-100 elementor-top-column elementor-element elementor-element-ad1e840\" data-id=\"ad1e840\" data-element_type=\"column\">\n\t\t\t<div class=\"elementor-widget-wrap elementor-element-populated\">\n\t\t\t\t\t\t<div class=\"elementor-element elementor-element-ccac36c elementor-widget elementor-widget-image\" data-id=\"ccac36c\" data-element_type=\"widget\" data-settings=\"{&quot;_animation&quot;:&quot;none&quot;}\" data-widget_type=\"image.default\">\n\t\t\t\t<div class=\"elementor-widget-container\">\n\t\t\t\t\t\t\t\t\t\t\t\t\t\t\t<img fetchpriority=\"high\" decoding=\"async\" width=\"1010\" height=\"230\" src=\"https:\/\/www.zaragoza.unam.mx\/bienvenida-primer-ingreso\/wp-content\/uploads\/2025\/05\/header_serv_JORNADA_2026.png\" class=\"attachment-full size-full wp-image-26800\" alt=\"\" srcset=\"https:\/\/www.zaragoza.unam.mx\/bienvenida-primer-ingreso\/wp-content\/uploads\/2025\/05\/header_serv_JORNADA_2026.png 1010w, https:\/\/www.zaragoza.unam.mx\/bienvenida-primer-ingreso\/wp-content\/uploads\/2025\/05\/header_serv_JORNADA_2026-300x68.png 300w, https:\/\/www.zaragoza.unam.mx\/bienvenida-primer-ingreso\/wp-content\/uploads\/2025\/05\/header_serv_JORNADA_2026-768x175.png 768w\" sizes=\"(max-width: 1010px) 100vw, 1010px\" \/>\t\t\t\t\t\t\t\t\t\t\t\t\t\t\t<\/div>\n\t\t\t\t<\/div>\n\t\t\t\t\t<\/div>\n\t\t<\/div>\n\t\t\t\t\t<\/div>\n\t\t<\/section>\n\t\t\t\t<section class=\"elementor-section elementor-top-section elementor-element elementor-element-52f8c25 elementor-section-boxed elementor-section-height-default elementor-section-height-default\" data-id=\"52f8c25\" data-element_type=\"section\">\n\t\t\t\t\t\t<div class=\"elementor-container elementor-column-gap-default\">\n\t\t\t\t\t<div class=\"elementor-column elementor-col-100 elementor-top-column elementor-element elementor-element-c5064bd\" data-id=\"c5064bd\" data-element_type=\"column\">\n\t\t\t<div class=\"elementor-widget-wrap elementor-element-populated\">\n\t\t\t\t\t\t<div class=\"elementor-element elementor-element-447865a elementor-widget elementor-widget-spacer\" data-id=\"447865a\" data-element_type=\"widget\" data-widget_type=\"spacer.default\">\n\t\t\t\t<div class=\"elementor-widget-container\">\n\t\t\t\t\t\t\t<div class=\"elementor-spacer\">\n\t\t\t<div class=\"elementor-spacer-inner\"><\/div>\n\t\t<\/div>\n\t\t\t\t\t\t<\/div>\n\t\t\t\t<\/div>\n\t\t\t\t\t<\/div>\n\t\t<\/div>\n\t\t\t\t\t<\/div>\n\t\t<\/section>\n\t\t\t\t<section class=\"elementor-section elementor-top-section elementor-element elementor-element-50c2c46 elementor-section-boxed elementor-section-height-default elementor-section-height-default\" data-id=\"50c2c46\" data-element_type=\"section\" data-settings=\"{&quot;background_background&quot;:&quot;classic&quot;}\">\n\t\t\t\t\t\t<div class=\"elementor-container elementor-column-gap-default\">\n\t\t\t\t\t<div class=\"elementor-column elementor-col-100 elementor-top-column elementor-element elementor-element-644a29a\" data-id=\"644a29a\" data-element_type=\"column\">\n\t\t\t<div class=\"elementor-widget-wrap elementor-element-populated\">\n\t\t\t\t\t\t<div class=\"elementor-element elementor-element-d7620e6 elementor-widget elementor-widget-heading\" data-id=\"d7620e6\" data-element_type=\"widget\" data-settings=\"{&quot;_animation&quot;:&quot;none&quot;}\" data-widget_type=\"heading.default\">\n\t\t\t\t<div class=\"elementor-widget-container\">\n\t\t\t\t\t<h2 class=\"elementor-heading-title elementor-size-default\">CEREMONIA DE BIENVENIDA ENFERMER\u00cdA (CDMX)<\/h2>\t\t\t\t<\/div>\n\t\t\t\t<\/div>\n\t\t\t\t\t<\/div>\n\t\t<\/div>\n\t\t\t\t\t<\/div>\n\t\t<\/section>\n\t\t\t\t<section class=\"elementor-section elementor-top-section elementor-element elementor-element-55fe916 elementor-section-boxed elementor-section-height-default elementor-section-height-default\" data-id=\"55fe916\" data-element_type=\"section\">\n\t\t\t\t\t\t<div class=\"elementor-container elementor-column-gap-default\">\n\t\t\t\t\t<div class=\"elementor-column elementor-col-100 elementor-top-column elementor-element elementor-element-8496861\" data-id=\"8496861\" data-element_type=\"column\">\n\t\t\t<div class=\"elementor-widget-wrap elementor-element-populated\">\n\t\t\t\t\t\t<div class=\"elementor-element elementor-element-5e8dce7 elementor-widget elementor-widget-text-editor\" data-id=\"5e8dce7\" data-element_type=\"widget\" data-widget_type=\"text-editor.default\">\n\t\t\t\t<div class=\"elementor-widget-container\">\n\t\t\t\t\t\t\t\t\t<p>Con la finalidad de atenderles de la mejor manera, hacer eficiente el acceso al auditorio y de preservar la seguridad de las y los integrantes de la <em>Comunidad Zaragozana<\/em>, les pedimos atender las indicaciones siguientes:<\/p>\n<ul>\n<li>Acudir a la Facultad el d\u00eda y la hora que corresponda a su grupo, de acuerdo con el calendario que se encuentra en la parte inferior de esta p\u00e1gina, con una impresi\u00f3n de la carta de asignaci\u00f3n.<\/li>\n<li>Atender las indicaciones del personal para el ingreso y la salida del auditorio.<\/li>\n<\/ul>\t\t\t\t\t\t\t\t<\/div>\n\t\t\t\t<\/div>\n\t\t\t\t\t<\/div>\n\t\t<\/div>\n\t\t\t\t\t<\/div>\n\t\t<\/section>\n\t\t\t\t<section class=\"elementor-section elementor-top-section elementor-element elementor-element-af640dc elementor-section-boxed elementor-section-height-default elementor-section-height-default\" data-id=\"af640dc\" data-element_type=\"section\">\n\t\t\t\t\t\t<div class=\"elementor-container elementor-column-gap-default\">\n\t\t\t\t\t<div class=\"elementor-column elementor-col-100 elementor-top-column elementor-element elementor-element-8e137e4\" data-id=\"8e137e4\" data-element_type=\"column\">\n\t\t\t<div class=\"elementor-widget-wrap elementor-element-populated\">\n\t\t\t\t\t\t<div class=\"elementor-element elementor-element-57d06fb elementor-view-default elementor-widget elementor-widget-icon\" data-id=\"57d06fb\" data-element_type=\"widget\" data-widget_type=\"icon.default\">\n\t\t\t\t<div class=\"elementor-widget-container\">\n\t\t\t\t\t\t\t<div class=\"elementor-icon-wrapper\">\n\t\t\t<div class=\"elementor-icon\">\n\t\t\t<svg xmlns=\"http:\/\/www.w3.org\/2000\/svg\" xmlns:xlink=\"http:\/\/www.w3.org\/1999\/xlink\" id=\"Layer_1\" x=\"0px\" y=\"0px\" width=\"600px\" height=\"600px\" viewBox=\"0 0 600 600\" xml:space=\"preserve\"><g>\t<g>\t\t<g>\t\t\t<g>\t\t\t\t<g>\t\t\t\t\t<g>\t\t\t\t\t\t<g>\t\t\t\t\t\t\t<path fill=\"#234D56\" d=\"M492.941,169.602c-5.275,7.72-2.244,20.291,1.115,26.412c7.863,14.37,22.104,29.495,23.535,47.038         c1.395,16.917-7.533,32.255-25.135,37.879h-0.611c-4.645-1.419-10.385-5.147-13.816-8.378         c-8.262-7.785-10.797-18.278-7.191-28.269c1.941-4.992,5.148-9.159,7.289-13.918c2.393-5.282,2.857-8.727,1.129-13.673         c5.133,3.038,5.791,9.159,5.236,13.603c3.174-2.786,4.443-8.301,3.521-13.28         C484.803,199.709,479.674,182.792,492.941,169.602\"><\/path>\t\t\t\t\t\t<\/g>\t\t\t\t\t<\/g>\t\t\t\t\t<g>\t\t\t\t\t\t<path fill=\"#234D56\" d=\"M153.7,179.173c6.53,0.006,13.532,0.529,21.01,1.658c13.409,2.032,39.237,18.188,32.11,25.47        c-0.916,0.942-1.825,1.348-2.796,1.348c-6.121,0-14.402-16.247-39.247-16.247c-0.3,0-0.61,0-0.919,0.006        c-33.841,0.535-67.528,24.638-67.035,51.353c0.584,30.92,30.93,46.005,52.362,56.406        c10.284,4.916,21.574,11.648,31.039,20.587c9.284-15.453,30.178-36.083,81.099-45.371        c0.506-22.561,18.237-32.216,18.237-32.216s17.824,9.765,18.227,32.429c75.829,13.538,69.786,57.115,89.702,57.761        c43.381-1.07,69.412-11.727,98.275-41.179c6.559,0,5.449,0,11.99,0c0,0-20.529,54.323-113.877,80.263        c-18.639,14.268-33.229,46.955-96.136,49.211c-0.019,24.098,60.417,31.914,60.496,47.42        c-14.021,10.074-42.633,15.17-71.08,15.17c-25.024,0-49.92-3.947-64.613-11.895c-0.142-22.65,57.226-20.252,57.167-50.953        c-43.293-1.34-59.26-18.471-79.357-33.203c-0.665,0.078-1.445,0.117-2.306,0.117c-7.611,0-21.565-3.521-21.191-20.42        c0.371-16.279-8.017-25.76-20.071-34.029c-13.325-9.158-31.591-16.807-49.331-30.545        c-17.995-13.864-28.363-27.099-28.392-52.298C69.038,230.513,88.977,179.173,153.7,179.173\"><\/path>\t\t\t\t\t<\/g>\t\t\t\t<\/g>\t\t\t<\/g>\t\t\t<g>\t\t\t\t<g>\t\t\t\t\t<g>\t\t\t\t\t\t<g>\t\t\t\t\t\t\t<g>\t\t\t\t\t\t\t\t<path fill=\"#234D56\" d=\"M492.457,280.93c17.602-5.624,26.529-20.962,25.135-37.879          c-1.432-17.543-15.672-32.667-23.535-47.038c-3.359-6.121-6.391-18.691-1.115-26.412          c-13.268,13.19-8.139,30.107-4.928,47.412c0.922,4.979-0.348,10.494-3.521,13.28c0.555-4.444-0.104-10.564-5.236-13.603          c1.729,4.947,1.264,8.391-1.129,13.673c-2.141,4.76-5.348,8.926-7.289,13.918c-3.605,9.991-1.07,20.484,7.191,28.269          c3.432,3.231,9.172,6.959,13.816,8.378H492.457z\"><\/path>\t\t\t\t\t\t\t<\/g>\t\t\t\t\t\t<\/g>\t\t\t\t\t<\/g>\t\t\t\t\t<g>\t\t\t\t\t\t<g>\t\t\t\t\t\t\t<path fill=\"#234D56\" d=\"M497.754,291.179c-6.541,0-5.432,0-11.99,0c-28.863,29.452-54.895,40.108-98.275,41.179         c-19.916-0.646-13.873-44.223-89.702-57.761c-0.403-22.664-18.227-32.429-18.227-32.429s-17.73,9.655-18.237,32.216         c-50.92,9.288-71.814,29.917-81.099,45.371c-9.465-8.939-20.755-15.672-31.039-20.587         c-21.433-10.4-51.778-25.486-52.362-56.406c-0.493-26.715,33.194-50.817,67.035-51.353         c29.55-0.471,36.177,21.852,42.962,14.892c7.127-7.282-18.701-23.438-32.11-25.47         c-81.495-12.357-105.672,47.715-105.646,69.186c0.029,25.199,10.397,38.434,28.392,52.298         c17.74,13.738,36.005,21.387,49.331,30.545c12.055,8.27,20.442,17.75,20.071,34.029         c-0.416,18.82,16.931,21.051,23.497,20.303c20.097,14.732,36.063,31.863,79.357,33.203         c0.059,30.701-57.309,28.303-57.167,50.953c31.391,16.977,109.339,15.66,135.693-3.275         c-0.078-15.506-60.515-23.322-60.496-47.42c62.908-2.256,77.498-34.943,96.136-49.211         C477.225,345.502,497.754,291.179,497.754,291.179z\"><\/path>\t\t\t\t\t\t<\/g>\t\t\t\t\t<\/g>\t\t\t\t<\/g>\t\t\t<\/g>\t\t<\/g>\t<\/g>\t<g>\t\t<g>\t\t\t<path fill=\"#234D56\" d=\"M299.992,595.002c-162.658,0-294.993-132.336-294.993-294.997c0-162.672,132.335-295.007,294.993-295.007     c162.674,0,295.01,132.335,295.01,295.007C595.002,462.666,462.666,595.002,299.992,595.002z M299.992,31.417     c-148.088,0-268.575,120.487-268.575,268.589c0,148.098,120.487,268.579,268.575,268.579     c148.098,0,268.592-120.48,268.592-268.579C568.584,151.904,448.09,31.417,299.992,31.417z\"><\/path>\t\t<\/g>\t<\/g><\/g><\/svg>\t\t\t<\/div>\n\t\t<\/div>\n\t\t\t\t\t\t<\/div>\n\t\t\t\t<\/div>\n\t\t\t\t\t<\/div>\n\t\t<\/div>\n\t\t\t\t\t<\/div>\n\t\t<\/section>\n\t\t\t\t<section class=\"elementor-section elementor-top-section elementor-element elementor-element-607ea68 elementor-section-boxed elementor-section-height-default elementor-section-height-default\" data-id=\"607ea68\" data-element_type=\"section\">\n\t\t\t\t\t\t<div class=\"elementor-container elementor-column-gap-default\">\n\t\t\t\t\t<div class=\"elementor-column elementor-col-100 elementor-top-column elementor-element elementor-element-7352980\" data-id=\"7352980\" data-element_type=\"column\">\n\t\t\t<div class=\"elementor-widget-wrap elementor-element-populated\">\n\t\t\t\t\t\t<div class=\"elementor-element elementor-element-d8e3352 elementor-widget-divider--view-line elementor-widget elementor-widget-divider\" data-id=\"d8e3352\" data-element_type=\"widget\" data-widget_type=\"divider.default\">\n\t\t\t\t<div class=\"elementor-widget-container\">\n\t\t\t\t\t\t\t<div class=\"elementor-divider\">\n\t\t\t<span class=\"elementor-divider-separator\">\n\t\t\t\t\t\t<\/span>\n\t\t<\/div>\n\t\t\t\t\t\t<\/div>\n\t\t\t\t<\/div>\n\t\t\t\t\t<\/div>\n\t\t<\/div>\n\t\t\t\t\t<\/div>\n\t\t<\/section>\n\t\t\t\t<section class=\"elementor-section elementor-top-section elementor-element elementor-element-becb706 elementor-section-boxed elementor-section-height-default elementor-section-height-default\" data-id=\"becb706\" data-element_type=\"section\">\n\t\t\t\t\t\t<div class=\"elementor-container elementor-column-gap-default\">\n\t\t\t\t\t<div class=\"elementor-column elementor-col-100 elementor-top-column elementor-element elementor-element-c03f497\" data-id=\"c03f497\" data-element_type=\"column\">\n\t\t\t<div class=\"elementor-widget-wrap elementor-element-populated\">\n\t\t\t\t\t\t<div class=\"elementor-element elementor-element-48d96ad elementor-widget elementor-widget-text-editor\" data-id=\"48d96ad\" data-element_type=\"widget\" data-widget_type=\"text-editor.default\">\n\t\t\t\t<div class=\"elementor-widget-container\">\n\t\t\t\t\t\t\t\t\t\n<figure class=\"wp-block-table is-style-stripes\">\n<table>\n<tbody>\n<tr>\n<td class=\"has-text-align-center\" data-align=\"center\"><strong>GRUPO<\/strong><\/td>\n<td class=\"has-text-align-center\" data-align=\"center\"><strong>FECHA<\/strong><\/td>\n<td class=\"has-text-align-center\" data-align=\"center\"><strong>HORA DE INICIO<\/strong><\/td>\n<td class=\"has-text-align-center\" data-align=\"center\"><strong>SEDE<\/strong><\/td>\n<\/tr>\n<tr>\n<td class=\"has-text-align-center\" data-align=\"center\">3101<\/td>\n<td class=\"has-text-align-center\" data-align=\"center\">31 de julio<\/td>\n<td class=\"has-text-align-center\" data-align=\"center\">10:00<\/td>\n<td class=\"has-text-align-center\" data-align=\"center\">Auditorio Campus I<\/td>\n<\/tr>\n<tr>\n<td class=\"has-text-align-center\" data-align=\"center\">3102<\/td>\n<td class=\"has-text-align-center\" data-align=\"center\">31 de julio<\/td>\n<td class=\"has-text-align-center\" data-align=\"center\">10:00<\/td>\n<td class=\"has-text-align-center\" data-align=\"center\">Auditorio Campus I<\/td>\n<\/tr>\n<tr>\n<td class=\"has-text-align-center\" data-align=\"center\">3103<\/td>\n<td class=\"has-text-align-center\" data-align=\"center\">31 de julio<\/td>\n<td class=\"has-text-align-center\" data-align=\"center\">10:00<\/td>\n<td class=\"has-text-align-center\" data-align=\"center\">Auditorio Campus I<\/td>\n<\/tr>\n<tr>\n<td class=\"has-text-align-center\" data-align=\"center\">3104<\/td>\n<td class=\"has-text-align-center\" data-align=\"center\">31 de julio<\/td>\n<td class=\"has-text-align-center\" data-align=\"center\">12:00<\/td>\n<td class=\"has-text-align-center\" data-align=\"center\">Auditorio Campus I<\/td>\n<\/tr>\n<tr>\n<td class=\"has-text-align-center\" data-align=\"center\">3151<\/td>\n<td class=\"has-text-align-center\" data-align=\"center\">31 de julio<\/td>\n<td class=\"has-text-align-center\" data-align=\"center\">12:00<\/td>\n<td class=\"has-text-align-center\" data-align=\"center\">Auditorio Campus I<\/td>\n<\/tr>\n<tr>\n<td class=\"has-text-align-center\" data-align=\"center\">3152<\/td>\n<td class=\"has-text-align-center\" data-align=\"center\">31 de julio<\/td>\n<td class=\"has-text-align-center\" data-align=\"center\">14:00<\/td>\n<td class=\"has-text-align-center\" data-align=\"center\">Auditorio Campus I<\/td>\n<\/tr>\n<tr>\n<td class=\"has-text-align-center\" data-align=\"center\">3153<\/td>\n<td class=\"has-text-align-center\" data-align=\"center\">31 de julio<\/td>\n<td class=\"has-text-align-center\" data-align=\"center\">14:00<\/td>\n<td class=\"has-text-align-center\" data-align=\"center\">Auditorio Campus I<\/td>\n<\/tr>\n<tr>\n<td class=\"has-text-align-center\" data-align=\"center\">3154<\/td>\n<td class=\"has-text-align-center\" data-align=\"center\">31 de julio<\/td>\n<td class=\"has-text-align-center\" data-align=\"center\">14:00<\/td>\n<td class=\"has-text-align-center\" data-align=\"center\">Auditorio Campus I<\/td>\n<\/tr>\n<\/tbody>\n<\/table>\n<\/figure>\n\t\t\t\t\t\t\t\t<\/div>\n\t\t\t\t<\/div>\n\t\t\t\t\t<\/div>\n\t\t<\/div>\n\t\t\t\t\t<\/div>\n\t\t<\/section>\n\t\t\t\t<section class=\"elementor-section elementor-top-section elementor-element elementor-element-ae10b54 elementor-section-boxed elementor-section-height-default elementor-section-height-default\" data-id=\"ae10b54\" data-element_type=\"section\">\n\t\t\t\t\t\t<div class=\"elementor-container elementor-column-gap-default\">\n\t\t\t\t\t<div class=\"elementor-column elementor-col-100 elementor-top-column elementor-element elementor-element-a8e0ab9\" data-id=\"a8e0ab9\" data-element_type=\"column\">\n\t\t\t<div class=\"elementor-widget-wrap elementor-element-populated\">\n\t\t\t\t\t\t<div class=\"elementor-element elementor-element-c4274ac elementor-widget-divider--view-line elementor-widget elementor-widget-divider\" data-id=\"c4274ac\" data-element_type=\"widget\" data-widget_type=\"divider.default\">\n\t\t\t\t<div class=\"elementor-widget-container\">\n\t\t\t\t\t\t\t<div class=\"elementor-divider\">\n\t\t\t<span class=\"elementor-divider-separator\">\n\t\t\t\t\t\t<\/span>\n\t\t<\/div>\n\t\t\t\t\t\t<\/div>\n\t\t\t\t<\/div>\n\t\t\t\t\t<\/div>\n\t\t<\/div>\n\t\t\t\t\t<\/div>\n\t\t<\/section>\n\t\t\t\t<section class=\"elementor-section elementor-top-section elementor-element elementor-element-775731d elementor-section-boxed elementor-section-height-default elementor-section-height-default\" data-id=\"775731d\" data-element_type=\"section\">\n\t\t\t\t\t\t<div class=\"elementor-container elementor-column-gap-default\">\n\t\t\t\t\t<div class=\"elementor-column elementor-col-100 elementor-top-column elementor-element elementor-element-e1f94e6\" data-id=\"e1f94e6\" data-element_type=\"column\">\n\t\t\t<div class=\"elementor-widget-wrap elementor-element-populated\">\n\t\t\t\t\t\t<div class=\"elementor-element elementor-element-0678ab2 elementor-widget elementor-widget-spacer\" data-id=\"0678ab2\" data-element_type=\"widget\" data-widget_type=\"spacer.default\">\n\t\t\t\t<div class=\"elementor-widget-container\">\n\t\t\t\t\t\t\t<div class=\"elementor-spacer\">\n\t\t\t<div class=\"elementor-spacer-inner\"><\/div>\n\t\t<\/div>\n\t\t\t\t\t\t<\/div>\n\t\t\t\t<\/div>\n\t\t\t\t\t<\/div>\n\t\t<\/div>\n\t\t\t\t\t<\/div>\n\t\t<\/section>\n\t\t\t\t<\/div>\n\t\t","protected":false},"excerpt":{"rendered":"<p>CEREMONIA DE BIENVENIDA ENFERMER\u00cdA (CDMX) Con la finalidad de atenderles&hellip;<\/p>\n<p> <a class=\"more-link\" href=\"https:\/\/www.zaragoza.unam.mx\/bienvenida-primer-ingreso\/programa-jornada-bienvenida\/ceremonia-bienvenida-enfermeria\/\">Leer m\u00e1s<\/a><\/p>\n","protected":false},"author":1,"featured_media":0,"parent":13402,"menu_order":0,"comment_status":"closed","ping_status":"closed","template":"elementor_header_footer","meta":{"footnotes":""},"class_list":["post-17033","page","type-page","status-publish"],"_links":{"self":[{"href":"https:\/\/www.zaragoza.unam.mx\/bienvenida-primer-ingreso\/wp-json\/wp\/v2\/pages\/17033","targetHints":{"allow":["GET"]}}],"collection":[{"href":"https:\/\/www.zaragoza.unam.mx\/bienvenida-primer-ingreso\/wp-json\/wp\/v2\/pages"}],"about":[{"href":"https:\/\/www.zaragoza.unam.mx\/bienvenida-primer-ingreso\/wp-json\/wp\/v2\/types\/page"}],"author":[{"embeddable":true,"href":"https:\/\/www.zaragoza.unam.mx\/bienvenida-primer-ingreso\/wp-json\/wp\/v2\/users\/1"}],"replies":[{"embeddable":true,"href":"https:\/\/www.zaragoza.unam.mx\/bienvenida-primer-ingreso\/wp-json\/wp\/v2\/comments?post=17033"}],"version-history":[{"count":55,"href":"https:\/\/www.zaragoza.unam.mx\/bienvenida-primer-ingreso\/wp-json\/wp\/v2\/pages\/17033\/revisions"}],"predecessor-version":[{"id":28379,"href":"https:\/\/www.zaragoza.unam.mx\/bienvenida-primer-ingreso\/wp-json\/wp\/v2\/pages\/17033\/revisions\/28379"}],"up":[{"embeddable":true,"href":"https:\/\/www.zaragoza.unam.mx\/bienvenida-primer-ingreso\/wp-json\/wp\/v2\/pages\/13402"}],"wp:attachment":[{"href":"https:\/\/www.zaragoza.unam.mx\/bienvenida-primer-ingreso\/wp-json\/wp\/v2\/media?parent=17033"}],"curies":[{"name":"wp","href":"https:\/\/api.w.org\/{rel}","templated":true}]}}