{"id":22257,"date":"2023-06-29T17:04:45","date_gmt":"2023-06-29T17:04:45","guid":{"rendered":"https:\/\/www.zaragoza.unam.mx\/bienvenida-primer-ingreso\/?page_id=22257"},"modified":"2025-07-03T00:52:45","modified_gmt":"2025-07-03T00:52:45","slug":"pruebas-aptitud-fisica-dce-tlaxcala","status":"publish","type":"page","link":"https:\/\/www.zaragoza.unam.mx\/bienvenida-primer-ingreso\/programa-jornada-bienvenida\/pruebas-aptitud-fisica-dce-tlaxcala\/","title":{"rendered":"Pruebas de Aptitud F\u00edsica Desarrollo Comunitario para el Envejecimiento (Tlaxcala)"},"content":{"rendered":"\t\t<div data-elementor-type=\"wp-page\" data-elementor-id=\"22257\" class=\"elementor elementor-22257\">\n\t\t\t\t\t\t<section class=\"elementor-section elementor-top-section elementor-element elementor-element-902109f elementor-section-boxed elementor-section-height-default elementor-section-height-default\" data-id=\"902109f\" data-element_type=\"section\">\n\t\t\t\t\t\t<div class=\"elementor-container elementor-column-gap-default\">\n\t\t\t\t\t<div class=\"elementor-column elementor-col-100 elementor-top-column elementor-element elementor-element-36dbffe\" data-id=\"36dbffe\" data-element_type=\"column\">\n\t\t\t<div class=\"elementor-widget-wrap\">\n\t\t\t\t\t\t\t<\/div>\n\t\t<\/div>\n\t\t\t\t\t<\/div>\n\t\t<\/section>\n\t\t\t\t<section class=\"elementor-section elementor-top-section elementor-element elementor-element-7d086d7 elementor-section-full_width elementor-section-stretched elementor-section-height-default elementor-section-height-default\" data-id=\"7d086d7\" data-element_type=\"section\" data-settings=\"{&quot;stretch_section&quot;:&quot;section-stretched&quot;}\">\n\t\t\t\t\t\t\t<div class=\"elementor-background-overlay\"><\/div>\n\t\t\t\t\t\t\t<div class=\"elementor-container elementor-column-gap-no\">\n\t\t\t\t\t<div class=\"elementor-column elementor-col-100 elementor-top-column elementor-element elementor-element-de9ad77\" data-id=\"de9ad77\" data-element_type=\"column\">\n\t\t\t<div class=\"elementor-widget-wrap elementor-element-populated\">\n\t\t\t\t\t\t<div class=\"elementor-element elementor-element-9e15632 elementor-widget elementor-widget-image\" data-id=\"9e15632\" data-element_type=\"widget\" data-settings=\"{&quot;_animation&quot;:&quot;none&quot;}\" data-widget_type=\"image.default\">\n\t\t\t\t<div class=\"elementor-widget-container\">\n\t\t\t\t\t\t\t\t\t\t\t\t\t\t\t<img fetchpriority=\"high\" decoding=\"async\" width=\"1010\" height=\"230\" src=\"https:\/\/www.zaragoza.unam.mx\/bienvenida-primer-ingreso\/wp-content\/uploads\/2025\/05\/header_serv_JORNADA_2026.png\" class=\"attachment-full size-full wp-image-26800\" alt=\"\" srcset=\"https:\/\/www.zaragoza.unam.mx\/bienvenida-primer-ingreso\/wp-content\/uploads\/2025\/05\/header_serv_JORNADA_2026.png 1010w, https:\/\/www.zaragoza.unam.mx\/bienvenida-primer-ingreso\/wp-content\/uploads\/2025\/05\/header_serv_JORNADA_2026-300x68.png 300w, https:\/\/www.zaragoza.unam.mx\/bienvenida-primer-ingreso\/wp-content\/uploads\/2025\/05\/header_serv_JORNADA_2026-768x175.png 768w\" sizes=\"(max-width: 1010px) 100vw, 1010px\" \/>\t\t\t\t\t\t\t\t\t\t\t\t\t\t\t<\/div>\n\t\t\t\t<\/div>\n\t\t\t\t\t<\/div>\n\t\t<\/div>\n\t\t\t\t\t<\/div>\n\t\t<\/section>\n\t\t\t\t<section class=\"elementor-section elementor-top-section elementor-element elementor-element-d0e9328 elementor-section-boxed elementor-section-height-default elementor-section-height-default\" data-id=\"d0e9328\" data-element_type=\"section\">\n\t\t\t\t\t\t<div class=\"elementor-container elementor-column-gap-default\">\n\t\t\t\t\t<div class=\"elementor-column elementor-col-100 elementor-top-column elementor-element elementor-element-6bdf279\" data-id=\"6bdf279\" data-element_type=\"column\">\n\t\t\t<div class=\"elementor-widget-wrap elementor-element-populated\">\n\t\t\t\t\t\t<div class=\"elementor-element elementor-element-dfb6d50 elementor-widget elementor-widget-spacer\" data-id=\"dfb6d50\" data-element_type=\"widget\" data-widget_type=\"spacer.default\">\n\t\t\t\t<div class=\"elementor-widget-container\">\n\t\t\t\t\t\t\t<div class=\"elementor-spacer\">\n\t\t\t<div class=\"elementor-spacer-inner\"><\/div>\n\t\t<\/div>\n\t\t\t\t\t\t<\/div>\n\t\t\t\t<\/div>\n\t\t\t\t\t<\/div>\n\t\t<\/div>\n\t\t\t\t\t<\/div>\n\t\t<\/section>\n\t\t\t\t<section class=\"elementor-section elementor-top-section elementor-element elementor-element-7b52b77 elementor-section-boxed elementor-section-height-default elementor-section-height-default\" data-id=\"7b52b77\" data-element_type=\"section\" data-settings=\"{&quot;background_background&quot;:&quot;classic&quot;}\">\n\t\t\t\t\t\t<div class=\"elementor-container elementor-column-gap-default\">\n\t\t\t\t\t<div class=\"elementor-column elementor-col-100 elementor-top-column elementor-element elementor-element-9a96627\" data-id=\"9a96627\" data-element_type=\"column\">\n\t\t\t<div class=\"elementor-widget-wrap elementor-element-populated\">\n\t\t\t\t\t\t<div class=\"elementor-element elementor-element-da36e86 elementor-widget elementor-widget-heading\" data-id=\"da36e86\" data-element_type=\"widget\" data-settings=\"{&quot;_animation&quot;:&quot;none&quot;}\" data-widget_type=\"heading.default\">\n\t\t\t\t<div class=\"elementor-widget-container\">\n\t\t\t\t\t<h2 class=\"elementor-heading-title elementor-size-default\">PRUEBAS DE APTITUD F\u00cdSICA DESARROLLO COMUNITARIO PARA EL ENVEJECIMIENTO\n(Tlaxcala)<\/h2>\t\t\t\t<\/div>\n\t\t\t\t<\/div>\n\t\t\t\t\t<\/div>\n\t\t<\/div>\n\t\t\t\t\t<\/div>\n\t\t<\/section>\n\t\t\t\t<section class=\"elementor-section elementor-top-section elementor-element elementor-element-f838d89 elementor-section-boxed elementor-section-height-default elementor-section-height-default\" data-id=\"f838d89\" data-element_type=\"section\">\n\t\t\t\t\t\t<div class=\"elementor-container elementor-column-gap-default\">\n\t\t\t\t\t<div class=\"elementor-column elementor-col-100 elementor-top-column elementor-element elementor-element-ba306bf\" data-id=\"ba306bf\" data-element_type=\"column\">\n\t\t\t<div class=\"elementor-widget-wrap elementor-element-populated\">\n\t\t\t\t\t\t<div class=\"elementor-element elementor-element-09b06bb elementor-widget elementor-widget-text-editor\" data-id=\"09b06bb\" data-element_type=\"widget\" data-widget_type=\"text-editor.default\">\n\t\t\t\t<div class=\"elementor-widget-container\">\n\t\t\t\t\t\t\t\t\t<p><strong>INDICACIONES<\/strong><\/p>\n<p>1. Las pruebas de aptitud f\u00edsica, se realizar\u00e1n en las instalaciones de Campus III.<br \/>2. Presentarse quince minutos antes de la hora de la cita, el d\u00eda que le corresponda, para efectuar su registro inicial.<br \/>3. Vestir ropa deportiva para realizar las pruebas de aptitud f\u00edsica (tenis, short o pants), en caso de no contar con vestimenta deportiva, no podr\u00e1 realizar las pruebas.<br \/>4. Traer hidrataci\u00f3n (preferentemente agua).<br \/>5. Traer sus datos de peso y talla.<br \/>6. Sugerimos tomar un refrigerio, por lo menos, una hora antes de realizar las pruebas de aptitud f\u00edsica.<br \/>7. La persona que por prescripci\u00f3n m\u00e9dica no deban realizar las pruebas de aptitud f\u00edsica, deber\u00e1 presentar su comprobante m\u00e9dico en el registro durante el d\u00eda y la hora que le corresponda.<br \/>8. Solicitamos respetar los d\u00edas y horarios establecidos para la realizaci\u00f3n de las pruebas de aptitud f\u00edsica de acuerdo a la programaci\u00f3n de los grupos de cada carrera.<\/p>\t\t\t\t\t\t\t\t<\/div>\n\t\t\t\t<\/div>\n\t\t\t\t\t<\/div>\n\t\t<\/div>\n\t\t\t\t\t<\/div>\n\t\t<\/section>\n\t\t\t\t<section class=\"elementor-section elementor-top-section elementor-element elementor-element-4d9489f elementor-section-boxed elementor-section-height-default elementor-section-height-default\" data-id=\"4d9489f\" data-element_type=\"section\">\n\t\t\t\t\t\t<div class=\"elementor-container elementor-column-gap-default\">\n\t\t\t\t\t<div class=\"elementor-column elementor-col-100 elementor-top-column elementor-element elementor-element-4e98c61\" data-id=\"4e98c61\" data-element_type=\"column\">\n\t\t\t<div class=\"elementor-widget-wrap elementor-element-populated\">\n\t\t\t\t\t\t<div class=\"elementor-element elementor-element-0109ca4 elementor-view-default elementor-widget elementor-widget-icon\" data-id=\"0109ca4\" data-element_type=\"widget\" data-widget_type=\"icon.default\">\n\t\t\t\t<div class=\"elementor-widget-container\">\n\t\t\t\t\t\t\t<div class=\"elementor-icon-wrapper\">\n\t\t\t<div class=\"elementor-icon\">\n\t\t\t<svg xmlns=\"http:\/\/www.w3.org\/2000\/svg\" xmlns:xlink=\"http:\/\/www.w3.org\/1999\/xlink\" id=\"Layer_1\" x=\"0px\" y=\"0px\" width=\"600px\" height=\"600px\" viewBox=\"0 0 600 600\" xml:space=\"preserve\"><g>\t<g>\t\t<g>\t\t\t<g>\t\t\t\t<g>\t\t\t\t\t<path fill=\"#2F8683\" d=\"M206.948,359.588c1.542-1.549,3.676-2.09,6.011-1.832c3.625,0.412,7.269,1.213,10.745,2.322       c22.812,7.262,46.174,11.75,69.992,13.854c1.025,0.084,2.096-0.277,5.379-0.748c-7.101-4.16-13.125-5.07-18.994-6.166       c-14.854-2.754-29.397-6.424-42.704-13.867c-3.541-1.973-8.746-3.373-7.011-9.055c0.445-1.49,1.135-2.633,1.987-3.482       c2.496-2.496,6.404-2.51,10.003-1.846c11.978,2.244,23.78,5.393,35.783,7.521c22.491,3.973,45.131,4.379,67.745,0.889       c4.838-0.748,10.604-1.23,13.918-4.541c1.227-1.238,2.129-2.855,2.49-5.049c1.381-8.031-6.656-11.088-12.318-14.545       c-9.934-6.049-20.834-10.332-30.508-16.91c-7.688-5.23-12.758-11.994-14.369-21.194c-0.543-3.119-0.117-6.13,2.023-8.275       c0.324-0.319,0.672-0.609,1.059-0.894c2.619-1.838,5.393-0.632,8.023,0.693c25.684,12.88,52.113,23.5,80.453,29.3       c39.898,8.172,65.865,33.777,83.293,69.154c9.326,18.918,16.24,38.73,20.084,59.525c0.438,2.34,1.973,4.811-0.775,7.979       c-12.859-14.674-29.797-21.188-48.539-22.955c-24.123-2.258-47.521,1.961-70.238,10.088       c-20.818,7.455-41.07,16.924-63.311,19.477c-28.498,3.271-54.257-5.869-78.973-18.871c-2.593-1.361-4.889-3.572-3.515-6.855       c0.342-0.807,0.787-1.479,1.322-2.006c1.657-1.664,4.128-1.994,6.579-1.406c6.327,1.547,12.564,3.496,18.833,5.314       c13.209,3.83,26.089,3.082,40.42-2.852c-5.275-2.393-9.216-1.457-12.951-1.611c-25.425-1.07-49.089-8.309-71.392-20.271       c-3.76-2.02-8.249-4.186-5.702-9.637c0.413-0.891,0.922-1.619,1.49-2.18c2.458-2.457,6.14-2.07,9.662-1.16       c12.338,3.225,24.566,6.971,37.008,9.77c11.087,2.504,22.316,2.291,33.235-1.824c-19.839-2.154-38.634-7.41-57.287-13.307       c-9.513-3.018-18.646-6.83-26.934-12.486c-2.716-1.844-5.128-3.838-3.593-7.623       C205.781,361.031,206.316,360.219,206.948,359.588\"><\/path>\t\t\t\t<\/g>\t\t\t\t<path fill-rule=\"evenodd\" clip-rule=\"evenodd\" fill=\"#2F8683\" d=\"M293.188,395.441c-19.839-2.154-38.634-7.41-57.287-13.307      c-9.513-3.018-18.646-6.83-26.934-12.486c-2.716-1.844-5.128-3.838-3.593-7.623c1.38-3.387,4.283-4.631,7.585-4.27      c3.625,0.412,7.269,1.213,10.745,2.322c22.812,7.262,46.174,11.75,69.992,13.854c1.025,0.084,2.096-0.277,5.379-0.748      c-7.101-4.16-13.125-5.07-18.994-6.166c-14.854-2.754-29.397-6.424-42.704-13.867c-3.541-1.973-8.746-3.373-7.011-9.055      c1.787-5.883,7.159-6.23,11.99-5.328c11.978,2.244,23.78,5.393,35.783,7.521c22.491,3.973,45.131,4.379,67.745,0.889      c6.643-1.031,15.041-1.547,16.408-9.59c1.381-8.031-6.656-11.088-12.318-14.545c-9.934-6.049-20.834-10.332-30.508-16.91      c-7.688-5.23-12.758-11.994-14.369-21.194c-0.619-3.563,0.025-7.011,3.082-9.168c2.619-1.838,5.393-0.632,8.023,0.693      c25.684,12.88,52.113,23.5,80.453,29.3c39.898,8.172,65.865,33.777,83.293,69.154c9.326,18.918,16.24,38.73,20.084,59.525      c0.438,2.34,1.973,4.811-0.775,7.979c-12.859-14.674-29.797-21.188-48.539-22.955c-24.123-2.258-47.521,1.961-70.238,10.088      c-20.818,7.455-41.07,16.924-63.311,19.477c-28.498,3.271-54.257-5.869-78.973-18.871c-2.593-1.361-4.889-3.572-3.515-6.855      c1.399-3.361,4.669-4.199,7.901-3.412c6.327,1.547,12.564,3.496,18.833,5.314c13.209,3.83,26.089,3.082,40.42-2.852      c-5.275-2.393-9.216-1.457-12.951-1.611c-25.425-1.07-49.089-8.309-71.392-20.271c-3.76-2.02-8.249-4.186-5.702-9.637      c2.238-4.791,6.817-4.477,11.152-3.34c12.338,3.225,24.566,6.971,37.008,9.77C271.039,399.77,282.268,399.557,293.188,395.441z\"><\/path>\t\t\t<\/g>\t\t\t<g>\t\t\t\t<g>\t\t\t\t\t<path fill=\"#2F8683\" d=\"M393.045,240.41c-1.535,1.535-3.664,2.074-5.998,1.815c-3.625-0.409-7.275-1.196-10.758-2.309       c-22.807-7.266-46.168-11.755-69.992-13.854c-1.02-0.093-2.09,0.281-5.377,0.752c7.105,4.147,13.129,5.062,18.998,6.153       c14.848,2.767,29.398,6.434,42.697,13.876c3.547,1.98,8.758,3.363,7.018,9.049c-0.451,1.5-1.135,2.638-1.986,3.493       c-2.502,2.486-6.398,2.509-9.998,1.841c-11.982-2.238-23.785-5.392-35.783-7.527c-22.499-3.973-45.138-4.382-67.75-0.877       c-4.837,0.748-10.603,1.229-13.918,4.534c-1.232,1.232-2.122,2.86-2.49,5.053c-1.374,8.03,6.656,11.077,12.325,14.544       c9.92,6.05,20.82,10.326,30.501,16.901c7.688,5.241,12.757,11.993,14.37,21.19c0.542,3.123,0.123,6.135-2.031,8.289       c-0.316,0.316-0.665,0.613-1.058,0.896c-2.612,1.832-5.379,0.619-8.023-0.709c-25.676-12.881-52.114-23.491-80.454-29.289       c-39.885-8.172-65.858-33.793-83.292-69.167c-9.326-18.917-16.24-38.714-20.078-59.518c-0.433-2.344-1.98-4.818,0.767-7.972       c12.861,14.664,29.811,21.19,48.541,22.951c24.128,2.251,47.541-1.97,70.25-10.094c20.813-7.443,41.065-16.924,63.31-19.468       c28.493-3.271,54.252,5.872,78.967,18.859c2.592,1.361,4.889,3.576,3.521,6.859c-0.348,0.819-0.799,1.487-1.328,2.016       c-1.664,1.664-4.129,1.993-6.58,1.394c-6.332-1.535-12.562-3.48-18.832-5.299c-13.209-3.844-26.082-3.093-40.417,2.838       c5.267,2.39,9.214,1.455,12.955,1.606c25.412,1.077,49.082,8.32,71.385,20.278c3.754,2.025,8.242,4.208,5.701,9.633       c-0.412,0.903-0.928,1.632-1.496,2.193c-2.451,2.46-6.127,2.074-9.648,1.148c-12.344-3.222-24.572-6.972-37.021-9.762       c-11.08-2.486-22.316-2.286-33.229,1.816c19.84,2.157,38.633,7.42,57.287,13.315c9.52,3.012,18.639,6.833,26.934,12.483       c2.709,1.851,5.121,3.844,3.598,7.63C394.219,238.968,393.689,239.765,393.045,240.41\"><\/path>\t\t\t\t<\/g>\t\t\t\t<path fill-rule=\"evenodd\" clip-rule=\"evenodd\" fill=\"#2F8683\" d=\"M306.812,204.543c19.84,2.157,38.633,7.42,57.287,13.315      c9.52,3.012,18.639,6.833,26.934,12.483c2.709,1.851,5.121,3.844,3.598,7.63c-1.379,3.386-4.281,4.627-7.584,4.253      c-3.625-0.409-7.275-1.196-10.758-2.309c-22.807-7.266-46.168-11.755-69.992-13.854c-1.02-0.093-2.09,0.281-5.377,0.752      c7.105,4.147,13.129,5.062,18.998,6.153c14.848,2.767,29.398,6.434,42.697,13.876c3.547,1.98,8.758,3.363,7.018,9.049      c-1.793,5.895-7.16,6.237-11.984,5.334c-11.982-2.238-23.785-5.392-35.783-7.527c-22.499-3.973-45.138-4.382-67.75-0.877      c-6.643,1.032-15.047,1.548-16.408,9.587c-1.374,8.03,6.656,11.077,12.325,14.544c9.92,6.05,20.82,10.326,30.501,16.901      c7.688,5.241,12.757,11.993,14.37,21.19c0.619,3.574-0.019,7.012-3.089,9.186c-2.612,1.832-5.379,0.619-8.023-0.709      c-25.676-12.881-52.114-23.491-80.454-29.289c-39.885-8.172-65.858-33.793-83.292-69.167      c-9.326-18.917-16.24-38.714-20.078-59.518c-0.433-2.344-1.98-4.818,0.767-7.972c12.861,14.664,29.811,21.19,48.541,22.951      c24.128,2.251,47.541-1.97,70.25-10.094c20.813-7.443,41.065-16.924,63.31-19.468c28.493-3.271,54.252,5.872,78.967,18.859      c2.592,1.361,4.889,3.576,3.521,6.859c-1.406,3.374-4.682,4.196-7.908,3.409c-6.332-1.535-12.562-3.48-18.832-5.299      c-13.209-3.844-26.082-3.093-40.417,2.838c5.267,2.39,9.214,1.455,12.955,1.606c25.412,1.077,49.082,8.32,71.385,20.278      c3.754,2.025,8.242,4.208,5.701,9.633c-2.244,4.795-6.822,4.489-11.145,3.341c-12.344-3.222-24.572-6.972-37.021-9.762      C328.961,200.241,317.725,200.441,306.812,204.543z\"><\/path>\t\t\t<\/g>\t\t<\/g>\t<\/g>\t<g>\t\t<path fill=\"#2F8683\" d=\"M299.999,595.002c-162.662,0-294.997-132.336-294.997-295.003c0-162.665,132.335-295,294.997-295    c162.666,0,295,132.335,295,295C594.998,462.666,462.664,595.002,299.999,595.002z M299.999,31.417    c-148.092,0-268.579,120.484-268.579,268.582c0,148.099,120.487,268.585,268.579,268.585    c148.101,0,268.582-120.486,268.582-268.585C568.58,151.9,448.1,31.417,299.999,31.417z\"><\/path>\t<\/g><\/g><\/svg>\t\t\t<\/div>\n\t\t<\/div>\n\t\t\t\t\t\t<\/div>\n\t\t\t\t<\/div>\n\t\t\t\t\t<\/div>\n\t\t<\/div>\n\t\t\t\t\t<\/div>\n\t\t<\/section>\n\t\t\t\t<section class=\"elementor-section elementor-top-section elementor-element elementor-element-bd489e7 elementor-section-boxed elementor-section-height-default elementor-section-height-default\" data-id=\"bd489e7\" data-element_type=\"section\">\n\t\t\t\t\t\t<div class=\"elementor-container elementor-column-gap-default\">\n\t\t\t\t\t<div class=\"elementor-column elementor-col-100 elementor-top-column elementor-element elementor-element-136b893\" data-id=\"136b893\" data-element_type=\"column\">\n\t\t\t<div class=\"elementor-widget-wrap elementor-element-populated\">\n\t\t\t\t\t\t<div class=\"elementor-element elementor-element-2cdd86b elementor-widget-divider--view-line elementor-widget elementor-widget-divider\" data-id=\"2cdd86b\" data-element_type=\"widget\" data-widget_type=\"divider.default\">\n\t\t\t\t<div class=\"elementor-widget-container\">\n\t\t\t\t\t\t\t<div class=\"elementor-divider\">\n\t\t\t<span class=\"elementor-divider-separator\">\n\t\t\t\t\t\t<\/span>\n\t\t<\/div>\n\t\t\t\t\t\t<\/div>\n\t\t\t\t<\/div>\n\t\t\t\t\t<\/div>\n\t\t<\/div>\n\t\t\t\t\t<\/div>\n\t\t<\/section>\n\t\t\t\t<section class=\"elementor-section elementor-top-section elementor-element elementor-element-538ca8b elementor-section-boxed elementor-section-height-default elementor-section-height-default\" data-id=\"538ca8b\" data-element_type=\"section\">\n\t\t\t\t\t\t<div class=\"elementor-container elementor-column-gap-default\">\n\t\t\t\t\t<div class=\"elementor-column elementor-col-100 elementor-top-column elementor-element elementor-element-1960765\" data-id=\"1960765\" data-element_type=\"column\">\n\t\t\t<div class=\"elementor-widget-wrap elementor-element-populated\">\n\t\t\t\t\t\t<div class=\"elementor-element elementor-element-a616120 elementor-widget elementor-widget-text-editor\" data-id=\"a616120\" data-element_type=\"widget\" data-widget_type=\"text-editor.default\">\n\t\t\t\t<div class=\"elementor-widget-container\">\n\t\t\t\t\t\t\t\t\t\n<figure class=\"wp-block-table is-style-stripes\">\n<table>\n<tbody>\n<tr>\n<td class=\"has-text-align-center\" data-align=\"center\"><strong>GRUPO<\/strong><\/td>\n<td class=\"has-text-align-center\" data-align=\"center\"><strong>FECHA<\/strong><\/td>\n<td class=\"has-text-align-center\" data-align=\"center\"><strong>HORA DE INICIO<\/strong><\/td>\n<td class=\"has-text-align-center\" data-align=\"center\"><strong>SEDE<\/strong><\/td>\n<\/tr>\n<tr>\n<td class=\"has-text-align-center\" data-align=\"center\">1101<\/td>\n<td class=\"has-text-align-center\" data-align=\"center\">21 de agosto<\/td>\n<td class=\"has-text-align-center\" data-align=\"center\">10:30<\/td>\n<td class=\"has-text-align-center\" data-align=\"center\">Cancha deportiva, Campus III<\/td>\n<\/tr>\n<\/tbody>\n<\/table>\n<\/figure>\n\t\t\t\t\t\t\t\t<\/div>\n\t\t\t\t<\/div>\n\t\t\t\t\t<\/div>\n\t\t<\/div>\n\t\t\t\t\t<\/div>\n\t\t<\/section>\n\t\t\t\t<section class=\"elementor-section elementor-top-section elementor-element elementor-element-6889147 elementor-section-boxed elementor-section-height-default elementor-section-height-default\" data-id=\"6889147\" data-element_type=\"section\">\n\t\t\t\t\t\t<div class=\"elementor-container elementor-column-gap-default\">\n\t\t\t\t\t<div class=\"elementor-column elementor-col-100 elementor-top-column elementor-element elementor-element-99ec2a0\" data-id=\"99ec2a0\" data-element_type=\"column\">\n\t\t\t<div class=\"elementor-widget-wrap elementor-element-populated\">\n\t\t\t\t\t\t<div class=\"elementor-element elementor-element-eded239 elementor-widget-divider--view-line elementor-widget elementor-widget-divider\" data-id=\"eded239\" data-element_type=\"widget\" data-widget_type=\"divider.default\">\n\t\t\t\t<div class=\"elementor-widget-container\">\n\t\t\t\t\t\t\t<div class=\"elementor-divider\">\n\t\t\t<span class=\"elementor-divider-separator\">\n\t\t\t\t\t\t<\/span>\n\t\t<\/div>\n\t\t\t\t\t\t<\/div>\n\t\t\t\t<\/div>\n\t\t\t\t\t<\/div>\n\t\t<\/div>\n\t\t\t\t\t<\/div>\n\t\t<\/section>\n\t\t\t\t<section class=\"elementor-section elementor-top-section elementor-element elementor-element-775731d elementor-section-boxed elementor-section-height-default elementor-section-height-default\" data-id=\"775731d\" data-element_type=\"section\">\n\t\t\t\t\t\t<div class=\"elementor-container elementor-column-gap-default\">\n\t\t\t\t\t<div class=\"elementor-column elementor-col-100 elementor-top-column elementor-element elementor-element-e1f94e6\" data-id=\"e1f94e6\" data-element_type=\"column\">\n\t\t\t<div class=\"elementor-widget-wrap elementor-element-populated\">\n\t\t\t\t\t\t<div class=\"elementor-element elementor-element-0678ab2 elementor-widget elementor-widget-spacer\" data-id=\"0678ab2\" data-element_type=\"widget\" data-widget_type=\"spacer.default\">\n\t\t\t\t<div class=\"elementor-widget-container\">\n\t\t\t\t\t\t\t<div class=\"elementor-spacer\">\n\t\t\t<div class=\"elementor-spacer-inner\"><\/div>\n\t\t<\/div>\n\t\t\t\t\t\t<\/div>\n\t\t\t\t<\/div>\n\t\t\t\t\t<\/div>\n\t\t<\/div>\n\t\t\t\t\t<\/div>\n\t\t<\/section>\n\t\t\t\t<\/div>\n\t\t","protected":false},"excerpt":{"rendered":"<p>PRUEBAS DE APTITUD F\u00cdSICA DESARROLLO COMUNITARIO PARA EL ENVEJECIMIENTO (Tlaxcala)&hellip;<\/p>\n<p> <a class=\"more-link\" href=\"https:\/\/www.zaragoza.unam.mx\/bienvenida-primer-ingreso\/programa-jornada-bienvenida\/pruebas-aptitud-fisica-dce-tlaxcala\/\">Leer m\u00e1s<\/a><\/p>\n","protected":false},"author":1,"featured_media":0,"parent":13402,"menu_order":0,"comment_status":"closed","ping_status":"closed","template":"elementor_header_footer","meta":{"footnotes":""},"class_list":["post-22257","page","type-page","status-publish"],"_links":{"self":[{"href":"https:\/\/www.zaragoza.unam.mx\/bienvenida-primer-ingreso\/wp-json\/wp\/v2\/pages\/22257","targetHints":{"allow":["GET"]}}],"collection":[{"href":"https:\/\/www.zaragoza.unam.mx\/bienvenida-primer-ingreso\/wp-json\/wp\/v2\/pages"}],"about":[{"href":"https:\/\/www.zaragoza.unam.mx\/bienvenida-primer-ingreso\/wp-json\/wp\/v2\/types\/page"}],"author":[{"embeddable":true,"href":"https:\/\/www.zaragoza.unam.mx\/bienvenida-primer-ingreso\/wp-json\/wp\/v2\/users\/1"}],"replies":[{"embeddable":true,"href":"https:\/\/www.zaragoza.unam.mx\/bienvenida-primer-ingreso\/wp-json\/wp\/v2\/comments?post=22257"}],"version-history":[{"count":34,"href":"https:\/\/www.zaragoza.unam.mx\/bienvenida-primer-ingreso\/wp-json\/wp\/v2\/pages\/22257\/revisions"}],"predecessor-version":[{"id":28190,"href":"https:\/\/www.zaragoza.unam.mx\/bienvenida-primer-ingreso\/wp-json\/wp\/v2\/pages\/22257\/revisions\/28190"}],"up":[{"embeddable":true,"href":"https:\/\/www.zaragoza.unam.mx\/bienvenida-primer-ingreso\/wp-json\/wp\/v2\/pages\/13402"}],"wp:attachment":[{"href":"https:\/\/www.zaragoza.unam.mx\/bienvenida-primer-ingreso\/wp-json\/wp\/v2\/media?parent=22257"}],"curies":[{"name":"wp","href":"https:\/\/api.w.org\/{rel}","templated":true}]}}