{"id":25859,"date":"2024-06-20T18:41:12","date_gmt":"2024-06-20T18:41:12","guid":{"rendered":"https:\/\/www.zaragoza.unam.mx\/bienvenida-primer-ingreso\/?page_id=25859"},"modified":"2025-05-22T19:31:17","modified_gmt":"2025-05-22T19:31:17","slug":"pc-puma","status":"publish","type":"page","link":"https:\/\/www.zaragoza.unam.mx\/bienvenida-primer-ingreso\/pc-puma\/","title":{"rendered":"PC Puma"},"content":{"rendered":"\t\t<div data-elementor-type=\"wp-page\" data-elementor-id=\"25859\" class=\"elementor elementor-25859\">\n\t\t\t\t\t\t<section class=\"elementor-section elementor-top-section elementor-element elementor-element-b4ff1a5 elementor-section-boxed elementor-section-height-default elementor-section-height-default\" data-id=\"b4ff1a5\" data-element_type=\"section\">\n\t\t\t\t\t\t<div class=\"elementor-container elementor-column-gap-default\">\n\t\t\t\t\t\t<\/div>\n\t\t<\/section>\n\t\t\t\t<section class=\"elementor-section elementor-top-section elementor-element elementor-element-e08a3d9 elementor-section-full_width elementor-section-stretched elementor-section-height-default elementor-section-height-default\" data-id=\"e08a3d9\" data-element_type=\"section\" data-settings=\"{&quot;stretch_section&quot;:&quot;section-stretched&quot;}\">\n\t\t\t\t\t\t\t<div class=\"elementor-background-overlay\"><\/div>\n\t\t\t\t\t\t\t<div class=\"elementor-container elementor-column-gap-no\">\n\t\t\t\t\t<div class=\"elementor-column elementor-col-100 elementor-top-column elementor-element elementor-element-f519038\" data-id=\"f519038\" data-element_type=\"column\">\n\t\t\t<div class=\"elementor-widget-wrap elementor-element-populated\">\n\t\t\t\t\t\t<div class=\"elementor-element elementor-element-5f55465 elementor-widget elementor-widget-image\" data-id=\"5f55465\" data-element_type=\"widget\" data-settings=\"{&quot;_animation&quot;:&quot;none&quot;}\" data-widget_type=\"image.default\">\n\t\t\t\t<div class=\"elementor-widget-container\">\n\t\t\t\t\t\t\t\t\t\t\t\t\t\t\t<img fetchpriority=\"high\" decoding=\"async\" width=\"1010\" height=\"230\" src=\"https:\/\/www.zaragoza.unam.mx\/bienvenida-primer-ingreso\/wp-content\/uploads\/2025\/05\/header_estudiantiles_PCPUMA_2026.png\" class=\"attachment-full size-full wp-image-27111\" alt=\"\" srcset=\"https:\/\/www.zaragoza.unam.mx\/bienvenida-primer-ingreso\/wp-content\/uploads\/2025\/05\/header_estudiantiles_PCPUMA_2026.png 1010w, https:\/\/www.zaragoza.unam.mx\/bienvenida-primer-ingreso\/wp-content\/uploads\/2025\/05\/header_estudiantiles_PCPUMA_2026-300x68.png 300w, https:\/\/www.zaragoza.unam.mx\/bienvenida-primer-ingreso\/wp-content\/uploads\/2025\/05\/header_estudiantiles_PCPUMA_2026-768x175.png 768w\" sizes=\"(max-width: 1010px) 100vw, 1010px\" \/>\t\t\t\t\t\t\t\t\t\t\t\t\t\t\t<\/div>\n\t\t\t\t<\/div>\n\t\t\t\t\t<\/div>\n\t\t<\/div>\n\t\t\t\t\t<\/div>\n\t\t<\/section>\n\t\t\t\t<section class=\"elementor-section elementor-top-section elementor-element elementor-element-234f3b6 elementor-section-boxed elementor-section-height-default elementor-section-height-default\" data-id=\"234f3b6\" data-element_type=\"section\">\n\t\t\t\t\t\t<div class=\"elementor-container elementor-column-gap-default\">\n\t\t\t\t\t<div class=\"elementor-column elementor-col-100 elementor-top-column elementor-element elementor-element-329b177\" data-id=\"329b177\" data-element_type=\"column\">\n\t\t\t<div class=\"elementor-widget-wrap elementor-element-populated\">\n\t\t\t\t\t\t<div class=\"elementor-element elementor-element-e31d5fe elementor-widget elementor-widget-spacer\" data-id=\"e31d5fe\" data-element_type=\"widget\" data-widget_type=\"spacer.default\">\n\t\t\t\t<div class=\"elementor-widget-container\">\n\t\t\t\t\t\t\t<div class=\"elementor-spacer\">\n\t\t\t<div class=\"elementor-spacer-inner\"><\/div>\n\t\t<\/div>\n\t\t\t\t\t\t<\/div>\n\t\t\t\t<\/div>\n\t\t\t\t\t<\/div>\n\t\t<\/div>\n\t\t\t\t\t<\/div>\n\t\t<\/section>\n\t\t\t\t<section class=\"elementor-section elementor-top-section elementor-element elementor-element-e2ea320 elementor-section-boxed elementor-section-height-default elementor-section-height-default\" data-id=\"e2ea320\" data-element_type=\"section\">\n\t\t\t\t\t\t<div class=\"elementor-container elementor-column-gap-default\">\n\t\t\t\t\t<div class=\"elementor-column elementor-col-100 elementor-top-column elementor-element elementor-element-837f60f\" data-id=\"837f60f\" data-element_type=\"column\">\n\t\t\t<div class=\"elementor-widget-wrap elementor-element-populated\">\n\t\t\t\t\t\t<div class=\"elementor-element elementor-element-a5f759c elementor-widget elementor-widget-heading\" data-id=\"a5f759c\" data-element_type=\"widget\" data-widget_type=\"heading.default\">\n\t\t\t\t<div class=\"elementor-widget-container\">\n\t\t\t\t\t<h2 class=\"elementor-heading-title elementor-size-default\">PC PUMA WIFI<\/h2>\t\t\t\t<\/div>\n\t\t\t\t<\/div>\n\t\t\t\t\t<\/div>\n\t\t<\/div>\n\t\t\t\t\t<\/div>\n\t\t<\/section>\n\t\t\t\t<section class=\"elementor-section elementor-top-section elementor-element elementor-element-c20b2a6 elementor-section-boxed elementor-section-height-default elementor-section-height-default\" data-id=\"c20b2a6\" data-element_type=\"section\">\n\t\t\t\t\t\t<div class=\"elementor-container elementor-column-gap-default\">\n\t\t\t\t\t<div class=\"elementor-column elementor-col-100 elementor-top-column elementor-element elementor-element-cae7fdf\" data-id=\"cae7fdf\" data-element_type=\"column\">\n\t\t\t<div class=\"elementor-widget-wrap elementor-element-populated\">\n\t\t\t\t\t\t<div class=\"elementor-element elementor-element-180b402 elementor-widget elementor-widget-text-editor\" data-id=\"180b402\" data-element_type=\"widget\" data-widget_type=\"text-editor.default\">\n\t\t\t\t<div class=\"elementor-widget-container\">\n\t\t\t\t\t\t\t\t\t<p>Contamos con puntos de acceso a la red inal\u00e1mbrica en todas las aulas, laboratorios y espacios abiertos de los tres Campus y las ocho Cl\u00ednicas Universitarias de Atenci\u00f3n a la Salud de la FES Zaragoza.<\/p><p>Para ingresar busca en tu dispositivo la red: <strong>FES-ZARAGOZA<\/strong> con la contrase\u00f1a: <strong>zaragoza<\/strong><\/p>\t\t\t\t\t\t\t\t<\/div>\n\t\t\t\t<\/div>\n\t\t\t\t\t<\/div>\n\t\t<\/div>\n\t\t\t\t\t<\/div>\n\t\t<\/section>\n\t\t\t\t<section class=\"elementor-section elementor-top-section elementor-element elementor-element-84dd8b3 elementor-section-boxed elementor-section-height-default elementor-section-height-default\" data-id=\"84dd8b3\" data-element_type=\"section\">\n\t\t\t\t\t\t<div class=\"elementor-container elementor-column-gap-default\">\n\t\t\t\t\t<div class=\"elementor-column elementor-col-100 elementor-top-column elementor-element elementor-element-965976b\" data-id=\"965976b\" data-element_type=\"column\">\n\t\t\t<div class=\"elementor-widget-wrap elementor-element-populated\">\n\t\t\t\t\t\t<div class=\"elementor-element elementor-element-74b0300 elementor-widget-divider--view-line elementor-widget elementor-widget-divider\" data-id=\"74b0300\" data-element_type=\"widget\" data-widget_type=\"divider.default\">\n\t\t\t\t<div class=\"elementor-widget-container\">\n\t\t\t\t\t\t\t<div class=\"elementor-divider\">\n\t\t\t<span class=\"elementor-divider-separator\">\n\t\t\t\t\t\t<\/span>\n\t\t<\/div>\n\t\t\t\t\t\t<\/div>\n\t\t\t\t<\/div>\n\t\t\t\t\t<\/div>\n\t\t<\/div>\n\t\t\t\t\t<\/div>\n\t\t<\/section>\n\t\t\t\t<section class=\"elementor-section elementor-top-section elementor-element elementor-element-cea64b3 elementor-section-boxed elementor-section-height-default elementor-section-height-default\" data-id=\"cea64b3\" data-element_type=\"section\">\n\t\t\t\t\t\t<div class=\"elementor-container elementor-column-gap-default\">\n\t\t\t\t\t<div class=\"elementor-column elementor-col-100 elementor-top-column elementor-element elementor-element-151efc8\" data-id=\"151efc8\" data-element_type=\"column\">\n\t\t\t<div class=\"elementor-widget-wrap elementor-element-populated\">\n\t\t\t\t\t\t<div class=\"elementor-element elementor-element-c11125a elementor-widget elementor-widget-heading\" data-id=\"c11125a\" data-element_type=\"widget\" data-widget_type=\"heading.default\">\n\t\t\t\t<div class=\"elementor-widget-container\">\n\t\t\t\t\t<h2 class=\"elementor-heading-title elementor-size-default\">PC PUMA PR\u00c9STAMO DE EQUIPOS<\/h2>\t\t\t\t<\/div>\n\t\t\t\t<\/div>\n\t\t\t\t\t<\/div>\n\t\t<\/div>\n\t\t\t\t\t<\/div>\n\t\t<\/section>\n\t\t\t\t<section class=\"elementor-section elementor-top-section elementor-element elementor-element-7e0f34b elementor-section-boxed elementor-section-height-default elementor-section-height-default\" data-id=\"7e0f34b\" data-element_type=\"section\">\n\t\t\t\t\t\t<div class=\"elementor-container elementor-column-gap-default\">\n\t\t\t\t\t<div class=\"elementor-column elementor-col-100 elementor-top-column elementor-element elementor-element-80ff89a\" data-id=\"80ff89a\" data-element_type=\"column\">\n\t\t\t<div class=\"elementor-widget-wrap elementor-element-populated\">\n\t\t\t\t\t\t<div class=\"elementor-element elementor-element-a2ee895 elementor-widget elementor-widget-text-editor\" data-id=\"a2ee895\" data-element_type=\"widget\" data-widget_type=\"text-editor.default\">\n\t\t\t\t<div class=\"elementor-widget-container\">\n\t\t\t\t\t\t\t\t\t<p>Contamos con el pr\u00e9stamo de Laptops y Chromebooks por periodos de 2 horas, si necesitas usarla mas tiempo, es necesario regresarla para que se te proporcione otra con carga de energ\u00eda completa.<\/p><p>En Campus I, el pr\u00e9stamo se realiza en el \u00e1rea de Inform\u00e1tica que se encuentra en el edificio A2, primer nivel (arriba del auditorio). <strong>Los dispositivos deben de ser utilizados \u00fanicamente dentro del Campus<\/strong>.<\/p><p>En Campus II, el pr\u00e9stamo se realiza en la Biblioteca <em>Dr. Jos\u00e9 Manuel \u00c1lvarez Manilla de la Pe\u00f1a<\/em>, en el tercer nivel. <strong>Los dispositivos deben de ser utilizados \u00fanicamente dentro de la Biblioteca<\/strong>.<\/p>\t\t\t\t\t\t\t\t<\/div>\n\t\t\t\t<\/div>\n\t\t\t\t\t<\/div>\n\t\t<\/div>\n\t\t\t\t\t<\/div>\n\t\t<\/section>\n\t\t\t\t<section class=\"elementor-section elementor-top-section elementor-element elementor-element-efca31d elementor-section-boxed elementor-section-height-default elementor-section-height-default\" data-id=\"efca31d\" data-element_type=\"section\">\n\t\t\t\t\t\t<div class=\"elementor-container elementor-column-gap-default\">\n\t\t\t\t\t<div class=\"elementor-column elementor-col-50 elementor-top-column elementor-element elementor-element-89dbef1\" data-id=\"89dbef1\" data-element_type=\"column\">\n\t\t\t<div class=\"elementor-widget-wrap elementor-element-populated\">\n\t\t\t\t\t\t<div class=\"elementor-element elementor-element-8a33f24 elementor-align-left elementor-widget elementor-widget-button\" data-id=\"8a33f24\" data-element_type=\"widget\" data-widget_type=\"button.default\">\n\t\t\t\t<div class=\"elementor-widget-container\">\n\t\t\t\t\t\t\t\t\t<div class=\"elementor-button-wrapper\">\n\t\t\t\t\t<a class=\"elementor-button elementor-button-link elementor-size-sm\" href=\"https:\/\/www.zaragoza.unam.mx\/bienvenida-primer-ingreso\/wp-content\/uploads\/2024\/06\/reglamento_pcpuma.pdf\">\n\t\t\t\t\t\t<span class=\"elementor-button-content-wrapper\">\n\t\t\t\t\t\t<span class=\"elementor-button-icon\">\n\t\t\t\t<i aria-hidden=\"true\" class=\"fas fa-file-download\"><\/i>\t\t\t<\/span>\n\t\t\t\t\t\t\t\t\t<span class=\"elementor-button-text\">Lineamientos de uso de Laptops y Chromebooks<\/span>\n\t\t\t\t\t<\/span>\n\t\t\t\t\t<\/a>\n\t\t\t\t<\/div>\n\t\t\t\t\t\t\t\t<\/div>\n\t\t\t\t<\/div>\n\t\t\t\t\t<\/div>\n\t\t<\/div>\n\t\t\t\t<div class=\"elementor-column elementor-col-50 elementor-top-column elementor-element elementor-element-3b1f7a2\" data-id=\"3b1f7a2\" data-element_type=\"column\">\n\t\t\t<div class=\"elementor-widget-wrap\">\n\t\t\t\t\t\t\t<\/div>\n\t\t<\/div>\n\t\t\t\t\t<\/div>\n\t\t<\/section>\n\t\t\t\t<section class=\"elementor-section elementor-top-section elementor-element elementor-element-50d4c07 elementor-section-boxed elementor-section-height-default elementor-section-height-default\" data-id=\"50d4c07\" data-element_type=\"section\">\n\t\t\t\t\t\t<div class=\"elementor-container elementor-column-gap-default\">\n\t\t\t\t\t<div class=\"elementor-column elementor-col-100 elementor-top-column elementor-element elementor-element-71b8127\" data-id=\"71b8127\" data-element_type=\"column\">\n\t\t\t<div class=\"elementor-widget-wrap elementor-element-populated\">\n\t\t\t\t\t\t<div class=\"elementor-element elementor-element-3189f7e elementor-widget elementor-widget-spacer\" data-id=\"3189f7e\" data-element_type=\"widget\" data-widget_type=\"spacer.default\">\n\t\t\t\t<div class=\"elementor-widget-container\">\n\t\t\t\t\t\t\t<div class=\"elementor-spacer\">\n\t\t\t<div class=\"elementor-spacer-inner\"><\/div>\n\t\t<\/div>\n\t\t\t\t\t\t<\/div>\n\t\t\t\t<\/div>\n\t\t\t\t\t<\/div>\n\t\t<\/div>\n\t\t\t\t\t<\/div>\n\t\t<\/section>\n\t\t\t\t<\/div>\n\t\t","protected":false},"excerpt":{"rendered":"<p>PC PUMA WIFI Contamos con puntos de acceso a la&hellip;<\/p>\n<p> <a class=\"more-link\" href=\"https:\/\/www.zaragoza.unam.mx\/bienvenida-primer-ingreso\/pc-puma\/\">Leer m\u00e1s<\/a><\/p>\n","protected":false},"author":1,"featured_media":0,"parent":0,"menu_order":0,"comment_status":"closed","ping_status":"closed","template":"elementor_header_footer","meta":{"footnotes":""},"class_list":["post-25859","page","type-page","status-publish"],"_links":{"self":[{"href":"https:\/\/www.zaragoza.unam.mx\/bienvenida-primer-ingreso\/wp-json\/wp\/v2\/pages\/25859","targetHints":{"allow":["GET"]}}],"collection":[{"href":"https:\/\/www.zaragoza.unam.mx\/bienvenida-primer-ingreso\/wp-json\/wp\/v2\/pages"}],"about":[{"href":"https:\/\/www.zaragoza.unam.mx\/bienvenida-primer-ingreso\/wp-json\/wp\/v2\/types\/page"}],"author":[{"embeddable":true,"href":"https:\/\/www.zaragoza.unam.mx\/bienvenida-primer-ingreso\/wp-json\/wp\/v2\/users\/1"}],"replies":[{"embeddable":true,"href":"https:\/\/www.zaragoza.unam.mx\/bienvenida-primer-ingreso\/wp-json\/wp\/v2\/comments?post=25859"}],"version-history":[{"count":10,"href":"https:\/\/www.zaragoza.unam.mx\/bienvenida-primer-ingreso\/wp-json\/wp\/v2\/pages\/25859\/revisions"}],"predecessor-version":[{"id":27241,"href":"https:\/\/www.zaragoza.unam.mx\/bienvenida-primer-ingreso\/wp-json\/wp\/v2\/pages\/25859\/revisions\/27241"}],"wp:attachment":[{"href":"https:\/\/www.zaragoza.unam.mx\/bienvenida-primer-ingreso\/wp-json\/wp\/v2\/media?parent=25859"}],"curies":[{"name":"wp","href":"https:\/\/api.w.org\/{rel}","templated":true}]}}