{"id":11780,"date":"2022-10-11T18:27:42","date_gmt":"2022-10-11T18:27:42","guid":{"rendered":"https:\/\/www.zaragoza.unam.mx\/delex-jornadas\/?page_id=11780"},"modified":"2026-03-10T20:01:13","modified_gmt":"2026-03-10T20:01:13","slug":"comite-organizador","status":"publish","type":"page","link":"https:\/\/www.zaragoza.unam.mx\/delex-jornadas\/comite-organizador\/","title":{"rendered":"Comit\u00e9 Organizador"},"content":{"rendered":"\t\t<div data-elementor-type=\"wp-page\" data-elementor-id=\"11780\" class=\"elementor elementor-11780\">\n\t\t\t\t\t\t<section class=\"elementor-section elementor-top-section elementor-element elementor-element-0b782bf elementor-section-stretched elementor-section-boxed elementor-section-height-default elementor-section-height-default\" data-id=\"0b782bf\" data-element_type=\"section\" data-e-type=\"section\" data-settings=\"{&quot;stretch_section&quot;:&quot;section-stretched&quot;,&quot;background_background&quot;:&quot;classic&quot;}\">\n\t\t\t\t\t\t<div class=\"elementor-container elementor-column-gap-default\">\n\t\t\t\t\t<div class=\"elementor-column elementor-col-100 elementor-top-column elementor-element elementor-element-7128f3a\" data-id=\"7128f3a\" data-element_type=\"column\" data-e-type=\"column\">\n\t\t\t<div class=\"elementor-widget-wrap elementor-element-populated\">\n\t\t\t\t\t\t<div class=\"elementor-element elementor-element-013ebf4 elementor-widget elementor-widget-image\" data-id=\"013ebf4\" data-element_type=\"widget\" data-e-type=\"widget\" data-widget_type=\"image.default\">\n\t\t\t\t<div class=\"elementor-widget-container\">\n\t\t\t\t\t\t\t\t\t\t\t\t\t\t\t<img fetchpriority=\"high\" decoding=\"async\" width=\"2560\" height=\"527\" src=\"https:\/\/www.zaragoza.unam.mx\/delex-jornadas\/wp-content\/uploads\/2026\/03\/X_jornada_header-scaled.png\" class=\"attachment-full size-full wp-image-11967\" alt=\"\" srcset=\"https:\/\/www.zaragoza.unam.mx\/delex-jornadas\/wp-content\/uploads\/2026\/03\/X_jornada_header-scaled.png 2560w, https:\/\/www.zaragoza.unam.mx\/delex-jornadas\/wp-content\/uploads\/2026\/03\/X_jornada_header-300x62.png 300w, https:\/\/www.zaragoza.unam.mx\/delex-jornadas\/wp-content\/uploads\/2026\/03\/X_jornada_header-1024x211.png 1024w, https:\/\/www.zaragoza.unam.mx\/delex-jornadas\/wp-content\/uploads\/2026\/03\/X_jornada_header-768x158.png 768w, https:\/\/www.zaragoza.unam.mx\/delex-jornadas\/wp-content\/uploads\/2026\/03\/X_jornada_header-1536x316.png 1536w, https:\/\/www.zaragoza.unam.mx\/delex-jornadas\/wp-content\/uploads\/2026\/03\/X_jornada_header-2048x422.png 2048w\" sizes=\"(max-width: 2560px) 100vw, 2560px\" \/>\t\t\t\t\t\t\t\t\t\t\t\t\t\t\t<\/div>\n\t\t\t\t<\/div>\n\t\t\t\t\t<\/div>\n\t\t<\/div>\n\t\t\t\t\t<\/div>\n\t\t<\/section>\n\t\t\t\t<section class=\"elementor-section elementor-top-section elementor-element elementor-element-e71deec elementor-section-boxed elementor-section-height-default elementor-section-height-default\" data-id=\"e71deec\" data-element_type=\"section\" data-e-type=\"section\">\n\t\t\t\t\t\t<div class=\"elementor-container elementor-column-gap-default\">\n\t\t\t\t\t<div class=\"elementor-column elementor-col-100 elementor-top-column elementor-element elementor-element-1255376\" data-id=\"1255376\" data-element_type=\"column\" data-e-type=\"column\">\n\t\t\t<div class=\"elementor-widget-wrap elementor-element-populated\">\n\t\t\t\t\t\t<div class=\"elementor-element elementor-element-314a517 elementor-widget elementor-widget-heading\" data-id=\"314a517\" data-element_type=\"widget\" data-e-type=\"widget\" data-widget_type=\"heading.default\">\n\t\t\t\t<div class=\"elementor-widget-container\">\n\t\t\t\t\t<h2 class=\"elementor-heading-title elementor-size-default\">COMIT\u00c9 ORGANIZADOR<\/h2>\t\t\t\t<\/div>\n\t\t\t\t<\/div>\n\t\t\t\t\t<\/div>\n\t\t<\/div>\n\t\t\t\t\t<\/div>\n\t\t<\/section>\n\t\t\t\t<section class=\"elementor-section elementor-top-section elementor-element elementor-element-51ed3d6 elementor-section-boxed elementor-section-height-default elementor-section-height-default\" data-id=\"51ed3d6\" data-element_type=\"section\" data-e-type=\"section\">\n\t\t\t\t\t\t<div class=\"elementor-container elementor-column-gap-default\">\n\t\t\t\t\t<div class=\"elementor-column elementor-col-100 elementor-top-column elementor-element elementor-element-cc11085\" data-id=\"cc11085\" data-element_type=\"column\" data-e-type=\"column\">\n\t\t\t<div class=\"elementor-widget-wrap elementor-element-populated\">\n\t\t\t\t\t\t<div class=\"elementor-element elementor-element-caf704c elementor-widget elementor-widget-spacer\" data-id=\"caf704c\" data-element_type=\"widget\" data-e-type=\"widget\" data-widget_type=\"spacer.default\">\n\t\t\t\t<div class=\"elementor-widget-container\">\n\t\t\t\t\t\t\t<div class=\"elementor-spacer\">\n\t\t\t<div class=\"elementor-spacer-inner\"><\/div>\n\t\t<\/div>\n\t\t\t\t\t\t<\/div>\n\t\t\t\t<\/div>\n\t\t\t\t\t<\/div>\n\t\t<\/div>\n\t\t\t\t\t<\/div>\n\t\t<\/section>\n\t\t\t\t<section class=\"elementor-section elementor-top-section elementor-element elementor-element-2a0f21c elementor-section-boxed elementor-section-height-default elementor-section-height-default\" data-id=\"2a0f21c\" data-element_type=\"section\" data-e-type=\"section\">\n\t\t\t\t\t\t<div class=\"elementor-container elementor-column-gap-default\">\n\t\t\t\t\t<div class=\"elementor-column elementor-col-50 elementor-top-column elementor-element elementor-element-9e26f3d\" data-id=\"9e26f3d\" data-element_type=\"column\" data-e-type=\"column\">\n\t\t\t<div class=\"elementor-widget-wrap elementor-element-populated\">\n\t\t\t\t\t\t<div class=\"elementor-element elementor-element-d710477 elementor-widget elementor-widget-text-editor\" data-id=\"d710477\" data-element_type=\"widget\" data-e-type=\"widget\" data-widget_type=\"text-editor.default\">\n\t\t\t\t<div class=\"elementor-widget-container\">\n\t\t\t\t\t\t\t\t\t<p><img decoding=\"async\" class=\"alignnone size-full wp-image-11616\" src=\"https:\/\/www.zaragoza.unam.mx\/delex-jornadas\/wp-content\/uploads\/2022\/10\/main_icon.png\" alt=\"\" width=\"154\" height=\"80\" \/><\/p>\t\t\t\t\t\t\t\t<\/div>\n\t\t\t\t<\/div>\n\t\t\t\t\t<\/div>\n\t\t<\/div>\n\t\t\t\t<div class=\"elementor-column elementor-col-50 elementor-top-column elementor-element elementor-element-6ec075b\" data-id=\"6ec075b\" data-element_type=\"column\" data-e-type=\"column\">\n\t\t\t<div class=\"elementor-widget-wrap elementor-element-populated\">\n\t\t\t\t\t\t<div class=\"elementor-element elementor-element-dc5f939 elementor-widget elementor-widget-text-editor\" data-id=\"dc5f939\" data-element_type=\"widget\" data-e-type=\"widget\" data-widget_type=\"text-editor.default\">\n\t\t\t\t<div class=\"elementor-widget-container\">\n\t\t\t\t\t\t\t\t\t<h4><strong><span style=\"color: #003366;\">\u2022 Departamento de Lenguas Extranjeras<\/span><\/strong><\/h4><h4><strong><span style=\"color: #003366;\">\u2022 Secretar\u00eda de Desarrollo Estudiantil<\/span><\/strong><\/h4><h4><strong><span style=\"color: #003366;\">\u2022 Unidad de Formaci\u00f3n Integral<\/span><\/strong><\/h4><h4><strong><span style=\"color: #003366;\">\u2022 Coordinaci\u00f3n de Comunicaci\u00f3n Social y Gesti\u00f3n de Medios\u00a0<\/span><\/strong><\/h4><h4><strong><span style=\"color: #003366;\">\u2022 Centro de Tecnolog\u00edas para el Aprendizaje<\/span><\/strong><\/h4>\t\t\t\t\t\t\t\t<\/div>\n\t\t\t\t<\/div>\n\t\t\t\t\t<\/div>\n\t\t<\/div>\n\t\t\t\t\t<\/div>\n\t\t<\/section>\n\t\t\t\t<section class=\"elementor-section elementor-top-section elementor-element elementor-element-fb40e06 elementor-section-boxed elementor-section-height-default elementor-section-height-default\" data-id=\"fb40e06\" data-element_type=\"section\" data-e-type=\"section\">\n\t\t\t\t\t\t<div class=\"elementor-container elementor-column-gap-default\">\n\t\t\t\t\t<div class=\"elementor-column elementor-col-100 elementor-top-column elementor-element elementor-element-ec9631e\" data-id=\"ec9631e\" data-element_type=\"column\" data-e-type=\"column\">\n\t\t\t<div class=\"elementor-widget-wrap elementor-element-populated\">\n\t\t\t\t\t\t<div class=\"elementor-element elementor-element-ac88a44 elementor-widget-divider--view-line elementor-widget elementor-widget-divider\" data-id=\"ac88a44\" data-element_type=\"widget\" data-e-type=\"widget\" data-widget_type=\"divider.default\">\n\t\t\t\t<div class=\"elementor-widget-container\">\n\t\t\t\t\t\t\t<div class=\"elementor-divider\">\n\t\t\t<span class=\"elementor-divider-separator\">\n\t\t\t\t\t\t<\/span>\n\t\t<\/div>\n\t\t\t\t\t\t<\/div>\n\t\t\t\t<\/div>\n\t\t\t\t\t<\/div>\n\t\t<\/div>\n\t\t\t\t\t<\/div>\n\t\t<\/section>\n\t\t\t\t<section class=\"elementor-section elementor-top-section elementor-element elementor-element-cf79576 elementor-section-boxed elementor-section-height-default elementor-section-height-default\" data-id=\"cf79576\" data-element_type=\"section\" data-e-type=\"section\">\n\t\t\t\t\t\t<div class=\"elementor-container elementor-column-gap-default\">\n\t\t\t\t\t<div class=\"elementor-column elementor-col-100 elementor-top-column elementor-element elementor-element-575887f\" data-id=\"575887f\" data-element_type=\"column\" data-e-type=\"column\">\n\t\t\t<div class=\"elementor-widget-wrap elementor-element-populated\">\n\t\t\t\t\t\t<div class=\"elementor-element elementor-element-d28c627 elementor-widget elementor-widget-spacer\" data-id=\"d28c627\" data-element_type=\"widget\" data-e-type=\"widget\" data-widget_type=\"spacer.default\">\n\t\t\t\t<div class=\"elementor-widget-container\">\n\t\t\t\t\t\t\t<div class=\"elementor-spacer\">\n\t\t\t<div class=\"elementor-spacer-inner\"><\/div>\n\t\t<\/div>\n\t\t\t\t\t\t<\/div>\n\t\t\t\t<\/div>\n\t\t\t\t\t<\/div>\n\t\t<\/div>\n\t\t\t\t\t<\/div>\n\t\t<\/section>\n\t\t\t\t<\/div>\n\t\t","protected":false},"excerpt":{"rendered":"<p>COMIT\u00c9 ORGANIZADOR \u2022 Departamento de Lenguas Extranjeras \u2022 Secretar\u00eda de&hellip;<\/p>\n<p> <a class=\"more-link\" href=\"https:\/\/www.zaragoza.unam.mx\/delex-jornadas\/comite-organizador\/\">Leer m\u00e1s<\/a><\/p>\n","protected":false},"author":1,"featured_media":0,"parent":0,"menu_order":0,"comment_status":"closed","ping_status":"closed","template":"elementor_header_footer","meta":{"footnotes":""},"class_list":["post-11780","page","type-page","status-publish"],"_links":{"self":[{"href":"https:\/\/www.zaragoza.unam.mx\/delex-jornadas\/wp-json\/wp\/v2\/pages\/11780","targetHints":{"allow":["GET"]}}],"collection":[{"href":"https:\/\/www.zaragoza.unam.mx\/delex-jornadas\/wp-json\/wp\/v2\/pages"}],"about":[{"href":"https:\/\/www.zaragoza.unam.mx\/delex-jornadas\/wp-json\/wp\/v2\/types\/page"}],"author":[{"embeddable":true,"href":"https:\/\/www.zaragoza.unam.mx\/delex-jornadas\/wp-json\/wp\/v2\/users\/1"}],"replies":[{"embeddable":true,"href":"https:\/\/www.zaragoza.unam.mx\/delex-jornadas\/wp-json\/wp\/v2\/comments?post=11780"}],"version-history":[{"count":16,"href":"https:\/\/www.zaragoza.unam.mx\/delex-jornadas\/wp-json\/wp\/v2\/pages\/11780\/revisions"}],"predecessor-version":[{"id":11971,"href":"https:\/\/www.zaragoza.unam.mx\/delex-jornadas\/wp-json\/wp\/v2\/pages\/11780\/revisions\/11971"}],"wp:attachment":[{"href":"https:\/\/www.zaragoza.unam.mx\/delex-jornadas\/wp-json\/wp\/v2\/media?parent=11780"}],"curies":[{"name":"wp","href":"https:\/\/api.w.org\/{rel}","templated":true}]}}