{"id":67,"date":"2025-02-21T20:32:22","date_gmt":"2025-02-21T20:32:22","guid":{"rendered":"https:\/\/www.zaragoza.unam.mx\/dvi\/?page_id=67"},"modified":"2025-03-14T19:48:13","modified_gmt":"2025-03-14T19:48:13","slug":"inicio","status":"publish","type":"page","link":"https:\/\/www.zaragoza.unam.mx\/dvi\/","title":{"rendered":"Divisi\u00f3n de Vinculaci\u00f3n Institucional"},"content":{"rendered":"\t\t<div data-elementor-type=\"wp-page\" data-elementor-id=\"67\" class=\"elementor elementor-67\">\n\t\t\t\t<div class=\"elementor-element elementor-element-bf10c65 e-flex e-con-boxed e-con e-parent\" data-id=\"bf10c65\" data-element_type=\"container\">\n\t\t\t\t\t<div class=\"e-con-inner\">\n\t\t\t\t<div class=\"elementor-element elementor-element-ff67504 elementor-widget elementor-widget-text-editor\" data-id=\"ff67504\" data-element_type=\"widget\" data-widget_type=\"text-editor.default\">\n\t\t\t\t<div class=\"elementor-widget-container\">\n\t\t\t\t\t\t\t\t\t<p>La Divisi\u00f3n de Vinculaci\u00f3n de la FES Zaragoza tiene a su cargo la Unidad de Patentamiento, Emprendimiento y Vinculaci\u00f3n (UniPEV Zaragoza) y la Unidad de Educaci\u00f3n Continua.&nbsp;<\/p><p>El objetivo de la UniPEV Zaragoza; que es un sat\u00e9lite de la Coordinaci\u00f3n de Vinculaci\u00f3n y Transferencia Tecnol\u00f3gica (CVTT) de la UNAM, es promover dentro de la comunidad universitaria temas de emprendimiento, propiedad intelectual y vinculaci\u00f3n con los sectores estrat\u00e9gicos.&nbsp;<\/p><p>La Educaci\u00f3n Continua (EC) tiene como objetivo complementar la formaci\u00f3n curricular, profundizar y ampliar conocimientos en todos los campos del saber; capacitar y actualizar profesionalmente para contribuir al bienestar y desarrollo individual y social, bajo los criterios de calidad y&nbsp; pertinencia distintivos de la Universidad Nacional Aut\u00f3noma de M\u00e9xico.<\/p>\n<p><strong>MISI\u00d3N<\/strong><\/p>\n<p>Fortalecer el v\u00ednculo de la FES Zaragoza con los diversos sectores de la sociedad para que las actividades sustantivas de la Universidad tengan un impacto positivo en nuestro entorno, al acercar los beneficios de los nuevos conocimientos y tecnolog\u00edas generados por la comunidad Universitaria a la poblaci\u00f3n.<\/p>\n<p><strong>VISI\u00d3N<\/strong><\/p>\n<p>Ser un pilar en el liderazgo de la FES Zaragoza de la zona oriente de la Ciudad de M\u00e9xico al integrar las capacidades tecnol\u00f3gicas y de innovaci\u00f3n de la comunidad universitaria mediante la transferencia de conocimientos y tecnolog\u00edas; promoci\u00f3n de servicios tecnol\u00f3gicos; incubaci\u00f3n de empresas; y formaci\u00f3n de alianzas estrat\u00e9gicas.<\/p>\t\t\t\t\t\t\t\t<\/div>\n\t\t\t\t<\/div>\n\t\t\t\t\t<\/div>\n\t\t\t\t<\/div>\n\t\t\t\t<\/div>\n\t\t","protected":false},"excerpt":{"rendered":"<p>La Divisi\u00f3n de Vinculaci\u00f3n de la FES Zaragoza tiene a su cargo la Unidad de Patentamiento, Emprendimiento y Vinculaci\u00f3n (UniPEV Zaragoza) y la Unidad de Educaci\u00f3n Continua.&nbsp; El objetivo de la UniPEV Zaragoza; que es un sat\u00e9lite de la Coordinaci\u00f3n de Vinculaci\u00f3n y Transferencia Tecnol\u00f3gica (CVTT) de la UNAM, es promover dentro de la comunidad universitaria temas de emprendimiento, propiedad intelectual y vinculaci\u00f3n con los sectores estrat\u00e9gicos.&nbsp; La Educaci\u00f3n Continua (EC) tiene como objetivo complementar la formaci\u00f3n curricular, profundizar y ampliar conocimientos en todos los campos del saber; capacitar y actualizar profesionalmente para contribuir al bienestar y desarrollo individual y social, bajo los criterios de calidad y&nbsp; pertinencia distintivos de la Universidad Nacional Aut\u00f3noma de M\u00e9xico. MISI\u00d3N Fortalecer el v\u00ednculo de la FES Zaragoza con los diversos sectores de la sociedad para que las actividades sustantivas de la Universidad tengan un impacto positivo en nuestro entorno, al acercar los beneficios&hellip;<\/p>\n<p> <a class=\"more-link\" href=\"https:\/\/www.zaragoza.unam.mx\/dvi\/\">Leer m\u00e1s<\/a><\/p>\n","protected":false},"author":1,"featured_media":0,"parent":0,"menu_order":0,"comment_status":"closed","ping_status":"closed","template":"","meta":{"footnotes":""},"class_list":["post-67","page","type-page","status-publish"],"_links":{"self":[{"href":"https:\/\/www.zaragoza.unam.mx\/dvi\/wp-json\/wp\/v2\/pages\/67","targetHints":{"allow":["GET"]}}],"collection":[{"href":"https:\/\/www.zaragoza.unam.mx\/dvi\/wp-json\/wp\/v2\/pages"}],"about":[{"href":"https:\/\/www.zaragoza.unam.mx\/dvi\/wp-json\/wp\/v2\/types\/page"}],"author":[{"embeddable":true,"href":"https:\/\/www.zaragoza.unam.mx\/dvi\/wp-json\/wp\/v2\/users\/1"}],"replies":[{"embeddable":true,"href":"https:\/\/www.zaragoza.unam.mx\/dvi\/wp-json\/wp\/v2\/comments?post=67"}],"version-history":[{"count":14,"href":"https:\/\/www.zaragoza.unam.mx\/dvi\/wp-json\/wp\/v2\/pages\/67\/revisions"}],"predecessor-version":[{"id":436,"href":"https:\/\/www.zaragoza.unam.mx\/dvi\/wp-json\/wp\/v2\/pages\/67\/revisions\/436"}],"wp:attachment":[{"href":"https:\/\/www.zaragoza.unam.mx\/dvi\/wp-json\/wp\/v2\/media?parent=67"}],"curies":[{"name":"wp","href":"https:\/\/api.w.org\/{rel}","templated":true}]}}