{"id":30,"date":"2022-02-15T00:15:34","date_gmt":"2022-02-15T00:15:34","guid":{"rendered":"https:\/\/www.zaragoza.unam.mx\/programa-tutoria\/?page_id=30"},"modified":"2025-02-05T20:11:02","modified_gmt":"2025-02-05T20:11:02","slug":"documentos-institucionales","status":"publish","type":"page","link":"https:\/\/www.zaragoza.unam.mx\/programa-tutoria\/documentos-institucionales\/","title":{"rendered":"DOCUMENTOS INSTITUCIONALES"},"content":{"rendered":"\t\t<div data-elementor-type=\"wp-page\" data-elementor-id=\"30\" class=\"elementor elementor-30\">\n\t\t\t\t\t\t<section class=\"elementor-section elementor-top-section elementor-element elementor-element-cbe8fc9 elementor-section-boxed elementor-section-height-default elementor-section-height-default\" data-id=\"cbe8fc9\" data-element_type=\"section\">\n\t\t\t\t\t\t<div class=\"elementor-container elementor-column-gap-default\">\n\t\t\t\t\t<div class=\"elementor-column elementor-col-100 elementor-top-column elementor-element elementor-element-2fca52d\" data-id=\"2fca52d\" data-element_type=\"column\">\n\t\t\t<div class=\"elementor-widget-wrap elementor-element-populated\">\n\t\t\t\t\t\t<div class=\"elementor-element elementor-element-9d1b290 elementor-widget elementor-widget-image\" data-id=\"9d1b290\" data-element_type=\"widget\" data-widget_type=\"image.default\">\n\t\t\t\t<div class=\"elementor-widget-container\">\n\t\t\t\t\t\t\t\t\t\t\t\t\t\t\t<img fetchpriority=\"high\" decoding=\"async\" width=\"1700\" height=\"418\" src=\"https:\/\/www.zaragoza.unam.mx\/programa-tutoria\/wp-content\/uploads\/2025\/02\/header_documentos_2025.png\" class=\"attachment-full size-full wp-image-12533\" alt=\"\" srcset=\"https:\/\/www.zaragoza.unam.mx\/programa-tutoria\/wp-content\/uploads\/2025\/02\/header_documentos_2025.png 1700w, https:\/\/www.zaragoza.unam.mx\/programa-tutoria\/wp-content\/uploads\/2025\/02\/header_documentos_2025-300x74.png 300w, https:\/\/www.zaragoza.unam.mx\/programa-tutoria\/wp-content\/uploads\/2025\/02\/header_documentos_2025-1024x252.png 1024w, https:\/\/www.zaragoza.unam.mx\/programa-tutoria\/wp-content\/uploads\/2025\/02\/header_documentos_2025-768x189.png 768w, https:\/\/www.zaragoza.unam.mx\/programa-tutoria\/wp-content\/uploads\/2025\/02\/header_documentos_2025-1536x378.png 1536w\" sizes=\"(max-width: 1700px) 100vw, 1700px\" \/>\t\t\t\t\t\t\t\t\t\t\t\t\t\t\t<\/div>\n\t\t\t\t<\/div>\n\t\t\t\t\t<\/div>\n\t\t<\/div>\n\t\t\t\t\t<\/div>\n\t\t<\/section>\n\t\t\t\t<section class=\"elementor-section elementor-top-section elementor-element elementor-element-1a2e4a9 elementor-section-boxed elementor-section-height-default elementor-section-height-default\" data-id=\"1a2e4a9\" data-element_type=\"section\">\n\t\t\t\t\t\t<div class=\"elementor-container elementor-column-gap-default\">\n\t\t\t\t\t<div class=\"elementor-column elementor-col-100 elementor-top-column elementor-element elementor-element-386b45d\" data-id=\"386b45d\" data-element_type=\"column\">\n\t\t\t<div class=\"elementor-widget-wrap elementor-element-populated\">\n\t\t\t\t\t\t<div class=\"elementor-element elementor-element-6e73c23 elementor-widget elementor-widget-text-editor\" data-id=\"6e73c23\" data-element_type=\"widget\" data-widget_type=\"text-editor.default\">\n\t\t\t\t<div class=\"elementor-widget-container\">\n\t\t\t\t\t\t\t\t\t<p>Los documentos institucionales permiten obtener informaci\u00f3n sobre el Sistema Institucional de Tutor\u00eda en la UNAM por lo que en estos documentos se sustenta la necesidad de llevar a cabo la Tutor\u00eda y se proponen lineamientos acordes a las caracter\u00edsticas de la Facultad y de cada carrera.<\/p>\t\t\t\t\t\t\t\t<\/div>\n\t\t\t\t<\/div>\n\t\t\t\t\t<\/div>\n\t\t<\/div>\n\t\t\t\t\t<\/div>\n\t\t<\/section>\n\t\t\t\t<section class=\"elementor-section elementor-top-section elementor-element elementor-element-9dcd3d5 elementor-section-boxed elementor-section-height-default elementor-section-height-default\" data-id=\"9dcd3d5\" data-element_type=\"section\">\n\t\t\t\t\t\t<div class=\"elementor-container elementor-column-gap-default\">\n\t\t\t\t\t<div class=\"elementor-column elementor-col-50 elementor-top-column elementor-element elementor-element-26779e1\" data-id=\"26779e1\" data-element_type=\"column\">\n\t\t\t<div class=\"elementor-widget-wrap elementor-element-populated\">\n\t\t\t\t\t\t<div class=\"elementor-element elementor-element-d92d0ca elementor-view-stacked elementor-shape-circle elementor-widget elementor-widget-icon\" data-id=\"d92d0ca\" data-element_type=\"widget\" data-widget_type=\"icon.default\">\n\t\t\t\t<div class=\"elementor-widget-container\">\n\t\t\t\t\t\t\t<div class=\"elementor-icon-wrapper\">\n\t\t\t<a class=\"elementor-icon\" href=\"https:\/\/www.zaragoza.unam.mx\/wp-content\/2023\/Plan_de_trabajo\/PDI_FESZ22_26_B.pdf\">\n\t\t\t<i aria-hidden=\"true\" class=\"far fa-file-pdf\"><\/i>\t\t\t<\/a>\n\t\t<\/div>\n\t\t\t\t\t\t<\/div>\n\t\t\t\t<\/div>\n\t\t\t\t\t<\/div>\n\t\t<\/div>\n\t\t\t\t<div class=\"elementor-column elementor-col-50 elementor-top-column elementor-element elementor-element-095b5a6\" data-id=\"095b5a6\" data-element_type=\"column\">\n\t\t\t<div class=\"elementor-widget-wrap elementor-element-populated\">\n\t\t\t\t\t\t<div class=\"elementor-element elementor-element-9593101 elementor-widget elementor-widget-text-editor\" data-id=\"9593101\" data-element_type=\"widget\" data-widget_type=\"text-editor.default\">\n\t\t\t\t<div class=\"elementor-widget-container\">\n\t\t\t\t\t\t\t\t\t<p><a href=\"https:\/\/www.zaragoza.unam.mx\/wp-content\/2023\/Plan_de_trabajo\/PDI_FESZ22_26_B.pdf\"><strong>PLAN DE DESARROLLO INSTITUCIONAL 2022-2026<\/strong><\/a><\/p>\t\t\t\t\t\t\t\t<\/div>\n\t\t\t\t<\/div>\n\t\t\t\t\t<\/div>\n\t\t<\/div>\n\t\t\t\t\t<\/div>\n\t\t<\/section>\n\t\t\t\t<section class=\"elementor-section elementor-top-section elementor-element elementor-element-ae46dfb elementor-section-boxed elementor-section-height-default elementor-section-height-default\" data-id=\"ae46dfb\" data-element_type=\"section\">\n\t\t\t\t\t\t<div class=\"elementor-container elementor-column-gap-default\">\n\t\t\t\t\t<div class=\"elementor-column elementor-col-50 elementor-top-column elementor-element elementor-element-67fdf8f\" data-id=\"67fdf8f\" data-element_type=\"column\">\n\t\t\t<div class=\"elementor-widget-wrap elementor-element-populated\">\n\t\t\t\t\t\t<div class=\"elementor-element elementor-element-941386d elementor-view-stacked elementor-shape-circle elementor-widget elementor-widget-icon\" data-id=\"941386d\" data-element_type=\"widget\" data-widget_type=\"icon.default\">\n\t\t\t\t<div class=\"elementor-widget-container\">\n\t\t\t\t\t\t\t<div class=\"elementor-icon-wrapper\">\n\t\t\t<a class=\"elementor-icon\" href=\"https:\/\/www.zaragoza.unam.mx\/programa-tutoria\/wp-content\/uploads\/2022\/02\/ESTABLECIMIENTO_SISTEMA_INSTITUCIONAL_TUTORIA.pdf\">\n\t\t\t<i aria-hidden=\"true\" class=\"far fa-file-pdf\"><\/i>\t\t\t<\/a>\n\t\t<\/div>\n\t\t\t\t\t\t<\/div>\n\t\t\t\t<\/div>\n\t\t\t\t\t<\/div>\n\t\t<\/div>\n\t\t\t\t<div class=\"elementor-column elementor-col-50 elementor-top-column elementor-element elementor-element-a8bdd51\" data-id=\"a8bdd51\" data-element_type=\"column\">\n\t\t\t<div class=\"elementor-widget-wrap elementor-element-populated\">\n\t\t\t\t\t\t<div class=\"elementor-element elementor-element-881c87b elementor-widget elementor-widget-text-editor\" data-id=\"881c87b\" data-element_type=\"widget\" data-widget_type=\"text-editor.default\">\n\t\t\t\t<div class=\"elementor-widget-container\">\n\t\t\t\t\t\t\t\t\t<p><a href=\"https:\/\/www.zaragoza.unam.mx\/programa-tutoria\/wp-content\/uploads\/2022\/02\/ESTABLECIMIENTO_SISTEMA_INSTITUCIONAL_TUTORIA.pdf\"><strong>ESTABLECIMIENTO DEL SISTEMA INSTITUCIONAL DE TUTORI\u0301A<\/strong><\/a><\/p>\t\t\t\t\t\t\t\t<\/div>\n\t\t\t\t<\/div>\n\t\t\t\t\t<\/div>\n\t\t<\/div>\n\t\t\t\t\t<\/div>\n\t\t<\/section>\n\t\t\t\t<section class=\"elementor-section elementor-top-section elementor-element elementor-element-1f9e5fd elementor-section-boxed elementor-section-height-default elementor-section-height-default\" data-id=\"1f9e5fd\" data-element_type=\"section\">\n\t\t\t\t\t\t<div class=\"elementor-container elementor-column-gap-default\">\n\t\t\t\t\t<div class=\"elementor-column elementor-col-50 elementor-top-column elementor-element elementor-element-26b0122\" data-id=\"26b0122\" data-element_type=\"column\">\n\t\t\t<div class=\"elementor-widget-wrap elementor-element-populated\">\n\t\t\t\t\t\t<div class=\"elementor-element elementor-element-514cef7 elementor-view-stacked elementor-shape-circle elementor-widget elementor-widget-icon\" data-id=\"514cef7\" data-element_type=\"widget\" data-widget_type=\"icon.default\">\n\t\t\t\t<div class=\"elementor-widget-container\">\n\t\t\t\t\t\t\t<div class=\"elementor-icon-wrapper\">\n\t\t\t<a class=\"elementor-icon\" href=\"https:\/\/www.zaragoza.unam.mx\/programa-tutoria\/wp-content\/uploads\/2022\/02\/FESZ_PIT.pdf\">\n\t\t\t<i aria-hidden=\"true\" class=\"far fa-file-pdf\"><\/i>\t\t\t<\/a>\n\t\t<\/div>\n\t\t\t\t\t\t<\/div>\n\t\t\t\t<\/div>\n\t\t\t\t\t<\/div>\n\t\t<\/div>\n\t\t\t\t<div class=\"elementor-column elementor-col-50 elementor-top-column elementor-element elementor-element-3a36ba1\" data-id=\"3a36ba1\" data-element_type=\"column\">\n\t\t\t<div class=\"elementor-widget-wrap elementor-element-populated\">\n\t\t\t\t\t\t<div class=\"elementor-element elementor-element-b69ff73 elementor-widget elementor-widget-text-editor\" data-id=\"b69ff73\" data-element_type=\"widget\" data-widget_type=\"text-editor.default\">\n\t\t\t\t<div class=\"elementor-widget-container\">\n\t\t\t\t\t\t\t\t\t<strong><a href=\"https:\/\/www.zaragoza.unam.mx\/programa-tutoria\/wp-content\/uploads\/2024\/06\/Programa_Institucional_Tutoria_2024.pdf\">PROGRAMA INSTITUCIONAL DE TUTOR\u00cdA 2024<\/a><\/strong>\t\t\t\t\t\t\t\t<\/div>\n\t\t\t\t<\/div>\n\t\t\t\t\t<\/div>\n\t\t<\/div>\n\t\t\t\t\t<\/div>\n\t\t<\/section>\n\t\t\t\t<section class=\"elementor-section elementor-top-section elementor-element elementor-element-a61d222 elementor-section-boxed elementor-section-height-default elementor-section-height-default\" data-id=\"a61d222\" data-element_type=\"section\">\n\t\t\t\t\t\t<div class=\"elementor-container elementor-column-gap-default\">\n\t\t\t\t\t<div class=\"elementor-column elementor-col-100 elementor-top-column elementor-element elementor-element-3a5be34\" data-id=\"3a5be34\" data-element_type=\"column\">\n\t\t\t<div class=\"elementor-widget-wrap elementor-element-populated\">\n\t\t\t\t\t\t<div class=\"elementor-element elementor-element-e7866da elementor-widget elementor-widget-spacer\" data-id=\"e7866da\" data-element_type=\"widget\" data-widget_type=\"spacer.default\">\n\t\t\t\t<div class=\"elementor-widget-container\">\n\t\t\t\t\t\t\t<div class=\"elementor-spacer\">\n\t\t\t<div class=\"elementor-spacer-inner\"><\/div>\n\t\t<\/div>\n\t\t\t\t\t\t<\/div>\n\t\t\t\t<\/div>\n\t\t\t\t\t<\/div>\n\t\t<\/div>\n\t\t\t\t\t<\/div>\n\t\t<\/section>\n\t\t\t\t<\/div>\n\t\t","protected":false},"excerpt":{"rendered":"<p>Los documentos institucionales permiten obtener informaci\u00f3n sobre el Sistema Institucional de Tutor\u00eda en la UNAM por lo que en estos documentos se sustenta la necesidad de llevar a cabo la&hellip;<\/p>\n<p> <a class=\"more-link\" href=\"https:\/\/www.zaragoza.unam.mx\/programa-tutoria\/documentos-institucionales\/\">Leer m\u00e1s<\/a><\/p>\n","protected":false},"author":1,"featured_media":0,"parent":0,"menu_order":0,"comment_status":"closed","ping_status":"closed","template":"elementor_header_footer","meta":{"footnotes":""},"class_list":["post-30","page","type-page","status-publish"],"_links":{"self":[{"href":"https:\/\/www.zaragoza.unam.mx\/programa-tutoria\/wp-json\/wp\/v2\/pages\/30","targetHints":{"allow":["GET"]}}],"collection":[{"href":"https:\/\/www.zaragoza.unam.mx\/programa-tutoria\/wp-json\/wp\/v2\/pages"}],"about":[{"href":"https:\/\/www.zaragoza.unam.mx\/programa-tutoria\/wp-json\/wp\/v2\/types\/page"}],"author":[{"embeddable":true,"href":"https:\/\/www.zaragoza.unam.mx\/programa-tutoria\/wp-json\/wp\/v2\/users\/1"}],"replies":[{"embeddable":true,"href":"https:\/\/www.zaragoza.unam.mx\/programa-tutoria\/wp-json\/wp\/v2\/comments?post=30"}],"version-history":[{"count":61,"href":"https:\/\/www.zaragoza.unam.mx\/programa-tutoria\/wp-json\/wp\/v2\/pages\/30\/revisions"}],"predecessor-version":[{"id":12542,"href":"https:\/\/www.zaragoza.unam.mx\/programa-tutoria\/wp-json\/wp\/v2\/pages\/30\/revisions\/12542"}],"wp:attachment":[{"href":"https:\/\/www.zaragoza.unam.mx\/programa-tutoria\/wp-json\/wp\/v2\/media?parent=30"}],"curies":[{"name":"wp","href":"https:\/\/api.w.org\/{rel}","templated":true}]}}