{"id":61,"date":"2022-02-15T18:20:44","date_gmt":"2022-02-15T18:20:44","guid":{"rendered":"https:\/\/www.zaragoza.unam.mx\/programa-tutoria\/?page_id=61"},"modified":"2025-02-05T20:12:16","modified_gmt":"2025-02-05T20:12:16","slug":"lecturas","status":"publish","type":"page","link":"https:\/\/www.zaragoza.unam.mx\/programa-tutoria\/lecturas\/","title":{"rendered":"LECTURAS RECOMENDADAS"},"content":{"rendered":"\t\t<div data-elementor-type=\"wp-page\" data-elementor-id=\"61\" class=\"elementor elementor-61\">\n\t\t\t\t\t\t<section class=\"elementor-section elementor-top-section elementor-element elementor-element-f05edee elementor-section-boxed elementor-section-height-default elementor-section-height-default\" data-id=\"f05edee\" data-element_type=\"section\">\n\t\t\t\t\t\t<div class=\"elementor-container elementor-column-gap-default\">\n\t\t\t\t\t<div class=\"elementor-column elementor-col-100 elementor-top-column elementor-element elementor-element-3d7f142\" data-id=\"3d7f142\" data-element_type=\"column\">\n\t\t\t<div class=\"elementor-widget-wrap elementor-element-populated\">\n\t\t\t\t\t\t<div class=\"elementor-element elementor-element-e245306 elementor-widget elementor-widget-image\" data-id=\"e245306\" data-element_type=\"widget\" data-widget_type=\"image.default\">\n\t\t\t\t<div class=\"elementor-widget-container\">\n\t\t\t\t\t\t\t\t\t\t\t\t\t\t\t<img fetchpriority=\"high\" decoding=\"async\" width=\"1700\" height=\"418\" src=\"https:\/\/www.zaragoza.unam.mx\/programa-tutoria\/wp-content\/uploads\/2025\/02\/header_lecturas_2025.png\" class=\"attachment-full size-full wp-image-12534\" alt=\"\" srcset=\"https:\/\/www.zaragoza.unam.mx\/programa-tutoria\/wp-content\/uploads\/2025\/02\/header_lecturas_2025.png 1700w, https:\/\/www.zaragoza.unam.mx\/programa-tutoria\/wp-content\/uploads\/2025\/02\/header_lecturas_2025-300x74.png 300w, https:\/\/www.zaragoza.unam.mx\/programa-tutoria\/wp-content\/uploads\/2025\/02\/header_lecturas_2025-1024x252.png 1024w, https:\/\/www.zaragoza.unam.mx\/programa-tutoria\/wp-content\/uploads\/2025\/02\/header_lecturas_2025-768x189.png 768w, https:\/\/www.zaragoza.unam.mx\/programa-tutoria\/wp-content\/uploads\/2025\/02\/header_lecturas_2025-1536x378.png 1536w\" sizes=\"(max-width: 1700px) 100vw, 1700px\" \/>\t\t\t\t\t\t\t\t\t\t\t\t\t\t\t<\/div>\n\t\t\t\t<\/div>\n\t\t\t\t\t<\/div>\n\t\t<\/div>\n\t\t\t\t\t<\/div>\n\t\t<\/section>\n\t\t\t\t<section class=\"elementor-section elementor-top-section elementor-element elementor-element-4c0c2f1 elementor-section-boxed elementor-section-height-default elementor-section-height-default\" data-id=\"4c0c2f1\" data-element_type=\"section\">\n\t\t\t\t\t\t<div class=\"elementor-container elementor-column-gap-default\">\n\t\t\t\t\t<div class=\"elementor-column elementor-col-100 elementor-top-column elementor-element elementor-element-50e6236\" data-id=\"50e6236\" data-element_type=\"column\">\n\t\t\t<div class=\"elementor-widget-wrap elementor-element-populated\">\n\t\t\t\t\t\t<div class=\"elementor-element elementor-element-94dd076 elementor-widget elementor-widget-heading\" data-id=\"94dd076\" data-element_type=\"widget\" data-widget_type=\"heading.default\">\n\t\t\t\t<div class=\"elementor-widget-container\">\n\t\t\t\t\t<h2 class=\"elementor-heading-title elementor-size-default\">Lecturas<\/h2>\t\t\t\t<\/div>\n\t\t\t\t<\/div>\n\t\t\t\t\t<\/div>\n\t\t<\/div>\n\t\t\t\t\t<\/div>\n\t\t<\/section>\n\t\t\t\t<section class=\"elementor-section elementor-top-section elementor-element elementor-element-fb1c602 elementor-section-boxed elementor-section-height-default elementor-section-height-default\" data-id=\"fb1c602\" data-element_type=\"section\">\n\t\t\t\t\t\t<div class=\"elementor-container elementor-column-gap-default\">\n\t\t\t\t\t<div class=\"elementor-column elementor-col-100 elementor-top-column elementor-element elementor-element-f870502\" data-id=\"f870502\" data-element_type=\"column\">\n\t\t\t<div class=\"elementor-widget-wrap elementor-element-populated\">\n\t\t\t\t\t\t<div class=\"elementor-element elementor-element-d86164e elementor-widget elementor-widget-text-editor\" data-id=\"d86164e\" data-element_type=\"widget\" data-widget_type=\"text-editor.default\">\n\t\t\t\t<div class=\"elementor-widget-container\">\n\t\t\t\t\t\t\t\t\t<p>En este apartado encontrar\u00e1 lecturas que servir\u00e1n de apoyo para su labor y actualizaci\u00f3n en la formaci\u00f3n de la tutor\u00eda.<\/p>\t\t\t\t\t\t\t\t<\/div>\n\t\t\t\t<\/div>\n\t\t\t\t\t<\/div>\n\t\t<\/div>\n\t\t\t\t\t<\/div>\n\t\t<\/section>\n\t\t\t\t<section class=\"elementor-section elementor-top-section elementor-element elementor-element-31e6c74 elementor-section-boxed elementor-section-height-default elementor-section-height-default\" data-id=\"31e6c74\" data-element_type=\"section\">\n\t\t\t\t\t\t<div class=\"elementor-container elementor-column-gap-default\">\n\t\t\t\t\t<div class=\"elementor-column elementor-col-100 elementor-top-column elementor-element elementor-element-6da0cab\" data-id=\"6da0cab\" data-element_type=\"column\">\n\t\t\t<div class=\"elementor-widget-wrap elementor-element-populated\">\n\t\t\t\t\t\t<div class=\"elementor-element elementor-element-56849b8 elementor-widget elementor-widget-text-editor\" data-id=\"56849b8\" data-element_type=\"widget\" data-widget_type=\"text-editor.default\">\n\t\t\t\t<div class=\"elementor-widget-container\">\n\t\t\t\t\t\t\t\t\t<ul><li aria-level=\"1\"><a href=\"http:\/\/www.redalyc.org\/articulo.oa?id=13228259009\">La Tutor\u00eda, un proceso fundamental en la formaci\u00f3n de los estudiantes universitarios.<\/a><\/li><li aria-level=\"1\"><a href=\"https:\/\/tutoria.unam.mx\/sites\/default\/files\/archivos\/documentos\/pdf\/Libro225.pdf\">La Tutor\u00eda. Una estrategia innovadora en el marco de los programas de atenci\u00f3n a los estudiantes.<\/a><\/li><li aria-level=\"1\"><a href=\"http:\/\/diposit.ub.edu\/dspace\/bitstream\/2445\/143658\/1\/RODRIGUEZ-ESPINAR_Manual-tutoria-universitaria_p.pdf\">Manual de tutor\u00eda universitaria. Recursos para la acci\u00f3n.<\/a><\/li><\/ul>\t\t\t\t\t\t\t\t<\/div>\n\t\t\t\t<\/div>\n\t\t\t\t\t<\/div>\n\t\t<\/div>\n\t\t\t\t\t<\/div>\n\t\t<\/section>\n\t\t\t\t<section class=\"elementor-section elementor-top-section elementor-element elementor-element-e62230b elementor-section-boxed elementor-section-height-default elementor-section-height-default\" data-id=\"e62230b\" data-element_type=\"section\">\n\t\t\t\t\t\t<div class=\"elementor-container elementor-column-gap-default\">\n\t\t\t\t\t<div class=\"elementor-column elementor-col-100 elementor-top-column elementor-element elementor-element-28dafa9\" data-id=\"28dafa9\" data-element_type=\"column\">\n\t\t\t<div class=\"elementor-widget-wrap elementor-element-populated\">\n\t\t\t\t\t\t<div class=\"elementor-element elementor-element-76ceb35 elementor-widget-divider--view-line elementor-widget elementor-widget-divider\" data-id=\"76ceb35\" data-element_type=\"widget\" data-widget_type=\"divider.default\">\n\t\t\t\t<div class=\"elementor-widget-container\">\n\t\t\t\t\t\t\t<div class=\"elementor-divider\">\n\t\t\t<span class=\"elementor-divider-separator\">\n\t\t\t\t\t\t<\/span>\n\t\t<\/div>\n\t\t\t\t\t\t<\/div>\n\t\t\t\t<\/div>\n\t\t\t\t\t<\/div>\n\t\t<\/div>\n\t\t\t\t\t<\/div>\n\t\t<\/section>\n\t\t\t\t<section class=\"elementor-section elementor-top-section elementor-element elementor-element-5cc2290 elementor-section-boxed elementor-section-height-default elementor-section-height-default\" data-id=\"5cc2290\" data-element_type=\"section\">\n\t\t\t\t\t\t<div class=\"elementor-container elementor-column-gap-default\">\n\t\t\t\t\t<div class=\"elementor-column elementor-col-100 elementor-top-column elementor-element elementor-element-e93929f\" data-id=\"e93929f\" data-element_type=\"column\">\n\t\t\t<div class=\"elementor-widget-wrap elementor-element-populated\">\n\t\t\t\t\t\t<div class=\"elementor-element elementor-element-16588fb elementor-widget elementor-widget-heading\" data-id=\"16588fb\" data-element_type=\"widget\" data-widget_type=\"heading.default\">\n\t\t\t\t<div class=\"elementor-widget-container\">\n\t\t\t\t\t<h2 class=\"elementor-heading-title elementor-size-default\">Herramientas para el alumnado<\/h2>\t\t\t\t<\/div>\n\t\t\t\t<\/div>\n\t\t\t\t\t<\/div>\n\t\t<\/div>\n\t\t\t\t\t<\/div>\n\t\t<\/section>\n\t\t\t\t<section class=\"elementor-section elementor-top-section elementor-element elementor-element-a039ed1 elementor-section-boxed elementor-section-height-default elementor-section-height-default\" data-id=\"a039ed1\" data-element_type=\"section\">\n\t\t\t\t\t\t<div class=\"elementor-container elementor-column-gap-default\">\n\t\t\t\t\t<div class=\"elementor-column elementor-col-100 elementor-top-column elementor-element elementor-element-7fdceb0\" data-id=\"7fdceb0\" data-element_type=\"column\">\n\t\t\t<div class=\"elementor-widget-wrap elementor-element-populated\">\n\t\t\t\t\t\t<div class=\"elementor-element elementor-element-5155ebb elementor-widget elementor-widget-text-editor\" data-id=\"5155ebb\" data-element_type=\"widget\" data-widget_type=\"text-editor.default\">\n\t\t\t\t<div class=\"elementor-widget-container\">\n\t\t\t\t\t\t\t\t\t<p>A partir de las siguientes lecturas encontrar\u00e1 herramientas que apoyan la labor de tutor\u00eda y puede aplicar con sus tutoradas y tutorados.<\/p>\t\t\t\t\t\t\t\t<\/div>\n\t\t\t\t<\/div>\n\t\t\t\t\t<\/div>\n\t\t<\/div>\n\t\t\t\t\t<\/div>\n\t\t<\/section>\n\t\t\t\t<section class=\"elementor-section elementor-top-section elementor-element elementor-element-5d251ab elementor-section-boxed elementor-section-height-default elementor-section-height-default\" data-id=\"5d251ab\" data-element_type=\"section\">\n\t\t\t\t\t\t<div class=\"elementor-container elementor-column-gap-default\">\n\t\t\t\t\t<div class=\"elementor-column elementor-col-100 elementor-top-column elementor-element elementor-element-af47a0a\" data-id=\"af47a0a\" data-element_type=\"column\">\n\t\t\t<div class=\"elementor-widget-wrap elementor-element-populated\">\n\t\t\t\t\t\t<div class=\"elementor-element elementor-element-b31e977 elementor-widget elementor-widget-text-editor\" data-id=\"b31e977\" data-element_type=\"widget\" data-widget_type=\"text-editor.default\">\n\t\t\t\t<div class=\"elementor-widget-container\">\n\t\t\t\t\t\t\t\t\t<ul><li aria-level=\"1\"><a href=\"https:\/\/antoniortega2000.files.wordpress.com\/2014\/10\/cuestionario-de-estilos-de-aprendizaje-y-explicacion-de-estilos.pdf\">Identificaci\u00f3n de los estilos de aprendizaje.<\/a><\/li><li aria-level=\"1\"><a href=\"https:\/\/sap.uca.es\/wp-content\/uploads\/2017\/03\/Organizaci%C3%B3n-y-gesti%C3%B3n-del-tiempo.pdf\">Autoevaluaci\u00f3n sobre c\u00f3mo organizo mi tiempo.<\/a><\/li><li aria-level=\"1\"><a href=\"https:\/\/sap.uca.es\/wp-content\/uploads\/2017\/03\/B%C3%BAsqueda-y-resgistro-de-la-informaci%C3%B3n.-Tomar-apuntes.pdf\">Autoevaluaci\u00f3n sobre tomar apuntes escolares.<\/a><\/li><li aria-level=\"1\"><a href=\"https:\/\/sap.uca.es\/wp-content\/uploads\/2017\/03\/Competencia-lig%C3%BC%C3%ADstica.-Habilidades-de-lectura.pdf\">Autoevaluaci\u00f3n sobre la habilidad lectora.<\/a><\/li><li aria-level=\"1\"><a href=\"https:\/\/sap.uca.es\/wp-content\/uploads\/2017\/03\/Competencia-ling%C3%BC%C3%ADstica.-Comunicaci%C3%B3n-estricta.pdf\">Autoevaluaci\u00f3n sobre comunicaci\u00f3n escrita.<\/a><\/li><li aria-level=\"1\"><a href=\"https:\/\/sap.uca.es\/fo\/tecnicas-de-estudio\/\">Autoevaluaci\u00f3n sobre t\u00e9cnicas de estudio.<\/a><\/li><li aria-level=\"1\"><a href=\"https:\/\/oa.ugto.mx\/recurso\/valoracion-del-programa-de-tutoria-desde-unos-actores-implicados-el-alumnado.html\">Valoraci\u00f3n del programa de tutor\u00eda desde unos actores implicados: El alumnado.<\/a><\/li><li aria-level=\"1\"><a href=\"http:\/\/ceca.uaeh.edu.mx\/multimedia\/estilos\/#\">Test de estilos de aprendizaje. Univer<wbr \/>sidad Aut\u00f3noma del Estado de Hidalgo (UAEH).<\/a><\/li><\/ul>\t\t\t\t\t\t\t\t<\/div>\n\t\t\t\t<\/div>\n\t\t\t\t\t<\/div>\n\t\t<\/div>\n\t\t\t\t\t<\/div>\n\t\t<\/section>\n\t\t\t\t<section class=\"elementor-section elementor-top-section elementor-element elementor-element-78b9e19 elementor-section-boxed elementor-section-height-default elementor-section-height-default\" data-id=\"78b9e19\" data-element_type=\"section\">\n\t\t\t\t\t\t<div class=\"elementor-container elementor-column-gap-default\">\n\t\t\t\t\t<div class=\"elementor-column elementor-col-100 elementor-top-column elementor-element elementor-element-d24fe2e\" data-id=\"d24fe2e\" data-element_type=\"column\">\n\t\t\t<div class=\"elementor-widget-wrap elementor-element-populated\">\n\t\t\t\t\t\t<div class=\"elementor-element elementor-element-2d37cae elementor-widget elementor-widget-spacer\" data-id=\"2d37cae\" data-element_type=\"widget\" data-widget_type=\"spacer.default\">\n\t\t\t\t<div class=\"elementor-widget-container\">\n\t\t\t\t\t\t\t<div class=\"elementor-spacer\">\n\t\t\t<div class=\"elementor-spacer-inner\"><\/div>\n\t\t<\/div>\n\t\t\t\t\t\t<\/div>\n\t\t\t\t<\/div>\n\t\t\t\t\t<\/div>\n\t\t<\/div>\n\t\t\t\t\t<\/div>\n\t\t<\/section>\n\t\t\t\t<\/div>\n\t\t","protected":false},"excerpt":{"rendered":"<p>Lecturas En este apartado encontrar\u00e1 lecturas que servir\u00e1n de apoyo para su labor y actualizaci\u00f3n en la formaci\u00f3n de la tutor\u00eda. La Tutor\u00eda, un proceso fundamental en la formaci\u00f3n de&hellip;<\/p>\n<p> <a class=\"more-link\" href=\"https:\/\/www.zaragoza.unam.mx\/programa-tutoria\/lecturas\/\">Leer m\u00e1s<\/a><\/p>\n","protected":false},"author":1,"featured_media":0,"parent":0,"menu_order":0,"comment_status":"closed","ping_status":"closed","template":"elementor_header_footer","meta":{"footnotes":""},"class_list":["post-61","page","type-page","status-publish"],"_links":{"self":[{"href":"https:\/\/www.zaragoza.unam.mx\/programa-tutoria\/wp-json\/wp\/v2\/pages\/61","targetHints":{"allow":["GET"]}}],"collection":[{"href":"https:\/\/www.zaragoza.unam.mx\/programa-tutoria\/wp-json\/wp\/v2\/pages"}],"about":[{"href":"https:\/\/www.zaragoza.unam.mx\/programa-tutoria\/wp-json\/wp\/v2\/types\/page"}],"author":[{"embeddable":true,"href":"https:\/\/www.zaragoza.unam.mx\/programa-tutoria\/wp-json\/wp\/v2\/users\/1"}],"replies":[{"embeddable":true,"href":"https:\/\/www.zaragoza.unam.mx\/programa-tutoria\/wp-json\/wp\/v2\/comments?post=61"}],"version-history":[{"count":70,"href":"https:\/\/www.zaragoza.unam.mx\/programa-tutoria\/wp-json\/wp\/v2\/pages\/61\/revisions"}],"predecessor-version":[{"id":12548,"href":"https:\/\/www.zaragoza.unam.mx\/programa-tutoria\/wp-json\/wp\/v2\/pages\/61\/revisions\/12548"}],"wp:attachment":[{"href":"https:\/\/www.zaragoza.unam.mx\/programa-tutoria\/wp-json\/wp\/v2\/media?parent=61"}],"curies":[{"name":"wp","href":"https:\/\/api.w.org\/{rel}","templated":true}]}}